{"id":5406,"date":"2025-12-19T13:48:04","date_gmt":"2025-12-19T13:48:04","guid":{"rendered":"https:\/\/cursosphere.r-one.dev\/m\u0259hsul\/the-art-of-innovation-techniques-for-creative-breakthroughs\/"},"modified":"2026-01-09T15:36:51","modified_gmt":"2026-01-09T15:36:51","slug":"the-art-of-innovation-techniques-for-creative-breakthroughs","status":"publish","type":"product","link":"https:\/\/cursosphere.r-one.dev\/es\/m\u0259hsul\/the-art-of-innovation-techniques-for-creative-breakthroughs\/","title":{"rendered":"El arte de la innovaci\u00f3n: t\u00e9cnicas para avances creativos"},"content":{"rendered":"<p><span data-sheets-root=\"1\">Habilidades clave que desarrollar\u00e1s:\u00a0<\/span><\/p>\n<ul>\n<li><em>Aplicar t\u00e9cnicas probadas para generar ideas innovadoras<\/em><\/li>\n<li><em>Romper patrones de pensamiento habituales y bloqueos mentales<\/em><\/li>\n<li><em>Experimentar con m\u00e9todos creativos utilizados por innovadores<\/em><\/li>\n<li><em>Abordar los problemas con originalidad y pensamiento audaz<\/em><\/li>\n<li><em>Convertir ideas abstractas en conceptos accionables<\/em><\/li>\n<li><em>Desarrollar confianza en tus capacidades creativas e innovadoras<\/em><\/li>\n<\/ul>\n","protected":false},"excerpt":{"rendered":"<p><span data-sheets-root=\"1\">La innovaci\u00f3n no surge de la nada: se construye a trav\u00e9s de t\u00e9cnicas, experimentaci\u00f3n y el valor de pensar de forma diferente. En este curso, profundizar\u00e1s en ejercicios creativos, estrategias para romper patrones y m\u00e9todos utilizados por inventores, artistas y emprendedores. Descubrir\u00e1s c\u00f3mo superar bloqueos mentales y liberar ideas que no sab\u00edas que ten\u00edas.<\/span><\/p>\n","protected":false},"featured_media":5407,"comment_status":"open","ping_status":"closed","template":"","meta":{"_acf_changed":false},"product_brand":[],"product_cat":[106],"product_tag":[],"class_list":{"0":"post-5406","1":"product","2":"type-product","3":"status-publish","4":"has-post-thumbnail","6":"product_cat-diseno-pensamiento-e-innovacion","8":"first","9":"instock","10":"downloadable","11":"virtual","12":"purchasable","13":"product-type-simple"},"acf":[],"yoast_head":"<!-- This site is optimized with the Yoast SEO plugin v26.6 - https:\/\/yoast.com\/wordpress\/plugins\/seo\/ -->\n<title>El arte de la innovaci\u00f3n: t\u00e9cnicas para avances creativos - Curso Sphere<\/title>\n<meta name=\"robots\" content=\"noindex, follow, max-snippet:-1, max-image-preview:large, max-video-preview:-1\" \/>\n<meta property=\"og:locale\" content=\"es_ES\" \/>\n<meta property=\"og:type\" content=\"article\" \/>\n<meta property=\"og:title\" content=\"El arte de la innovaci\u00f3n: t\u00e9cnicas para avances creativos - Curso Sphere\" \/>\n<meta property=\"og:description\" content=\"La innovaci\u00f3n no surge de la nada: se construye a trav\u00e9s de t\u00e9cnicas, experimentaci\u00f3n y el valor de pensar de forma diferente. En este curso, profundizar\u00e1s en ejercicios creativos, estrategias para romper patrones y m\u00e9todos utilizados por inventores, artistas y emprendedores. Descubrir\u00e1s c\u00f3mo superar bloqueos mentales y liberar ideas que no sab\u00edas que ten\u00edas.\" \/>\n<meta property=\"og:url\" content=\"https:\/\/cursosphere.r-one.dev\/es\/m\u0259hsul\/the-art-of-innovation-techniques-for-creative-breakthroughs\/\" \/>\n<meta property=\"og:site_name\" content=\"Curso Sphere\" \/>\n<meta property=\"article:modified_time\" content=\"2026-01-09T15:36:51+00:00\" \/>\n<meta property=\"og:image\" content=\"http:\/\/cursosphere.r-one.dev\/wp-content\/uploads\/2025\/12\/problem-solving-concept-with-man-working.webp\" \/>\n\t<meta property=\"og:image:width\" content=\"800\" \/>\n\t<meta property=\"og:image:height\" content=\"535\" \/>\n\t<meta property=\"og:image:type\" content=\"image\/webp\" \/>\n<meta name=\"twitter:card\" content=\"summary_large_image\" \/>\n<meta name=\"twitter:label1\" content=\"Tiempo de lectura\" \/>\n\t<meta name=\"twitter:data1\" content=\"1 minuto\" \/>\n<script type=\"application\/ld+json\" class=\"yoast-schema-graph\">{\"@context\":\"https:\/\/schema.org\",\"@graph\":[{\"@type\":\"WebPage\",\"@id\":\"https:\/\/cursosphere.r-one.dev\/es\/m\u0259hsul\/the-art-of-innovation-techniques-for-creative-breakthroughs\/\",\"url\":\"https:\/\/cursosphere.r-one.dev\/es\/m\u0259hsul\/the-art-of-innovation-techniques-for-creative-breakthroughs\/\",\"name\":\"El arte de la innovaci\u00f3n: t\u00e9cnicas para avances creativos - Curso Sphere\",\"isPartOf\":{\"@id\":\"https:\/\/cursosphere.r-one.dev\/#website\"},\"primaryImageOfPage\":{\"@id\":\"https:\/\/cursosphere.r-one.dev\/es\/m\u0259hsul\/the-art-of-innovation-techniques-for-creative-breakthroughs\/#primaryimage\"},\"image\":{\"@id\":\"https:\/\/cursosphere.r-one.dev\/es\/m\u0259hsul\/the-art-of-innovation-techniques-for-creative-breakthroughs\/#primaryimage\"},\"thumbnailUrl\":\"https:\/\/cursosphere.r-one.dev\/wp-content\/uploads\/2025\/12\/problem-solving-concept-with-man-working.webp\",\"datePublished\":\"2025-12-19T13:48:04+00:00\",\"dateModified\":\"2026-01-09T15:36:51+00:00\",\"breadcrumb\":{\"@id\":\"https:\/\/cursosphere.r-one.dev\/es\/m\u0259hsul\/the-art-of-innovation-techniques-for-creative-breakthroughs\/#breadcrumb\"},\"inLanguage\":\"es\",\"potentialAction\":[{\"@type\":\"ReadAction\",\"target\":[\"https:\/\/cursosphere.r-one.dev\/es\/m\u0259hsul\/the-art-of-innovation-techniques-for-creative-breakthroughs\/\"]}]},{\"@type\":\"ImageObject\",\"inLanguage\":\"es\",\"@id\":\"https:\/\/cursosphere.r-one.dev\/es\/m\u0259hsul\/the-art-of-innovation-techniques-for-creative-breakthroughs\/#primaryimage\",\"url\":\"https:\/\/cursosphere.r-one.dev\/wp-content\/uploads\/2025\/12\/problem-solving-concept-with-man-working.webp\",\"contentUrl\":\"https:\/\/cursosphere.r-one.dev\/wp-content\/uploads\/2025\/12\/problem-solving-concept-with-man-working.webp\",\"width\":800,\"height\":535},{\"@type\":\"BreadcrumbList\",\"@id\":\"https:\/\/cursosphere.r-one.dev\/es\/m\u0259hsul\/the-art-of-innovation-techniques-for-creative-breakthroughs\/#breadcrumb\",\"itemListElement\":[{\"@type\":\"ListItem\",\"position\":1,\"name\":\"\u0413\u043b\u0430\u0432\u043d\u0430\u044f \u0441\u0442\u0440\u0430\u043d\u0438\u0446\u0430\",\"item\":\"https:\/\/cursosphere.r-one.dev\/es\/\"},{\"@type\":\"ListItem\",\"position\":2,\"name\":\"Comienza a Aprender\",\"item\":\"https:\/\/cursosphere.r-one.dev\/es\/empieza-a-aprender-hoy\/\"},{\"@type\":\"ListItem\",\"position\":3,\"name\":\"El arte de la innovaci\u00f3n: t\u00e9cnicas para avances creativos\"}]},{\"@type\":\"WebSite\",\"@id\":\"https:\/\/cursosphere.r-one.dev\/#website\",\"url\":\"https:\/\/cursosphere.r-one.dev\/\",\"name\":\"Calming practices\",\"description\":\"\",\"publisher\":{\"@id\":\"https:\/\/cursosphere.r-one.dev\/#organization\"},\"potentialAction\":[{\"@type\":\"SearchAction\",\"target\":{\"@type\":\"EntryPoint\",\"urlTemplate\":\"https:\/\/cursosphere.r-one.dev\/?s={search_term_string}\"},\"query-input\":{\"@type\":\"PropertyValueSpecification\",\"valueRequired\":true,\"valueName\":\"search_term_string\"}}],\"inLanguage\":\"es\"},{\"@type\":\"Organization\",\"@id\":\"https:\/\/cursosphere.r-one.dev\/#organization\",\"name\":\"Calming practices\",\"url\":\"https:\/\/cursosphere.r-one.dev\/\",\"logo\":{\"@type\":\"ImageObject\",\"inLanguage\":\"es\",\"@id\":\"https:\/\/cursosphere.r-one.dev\/#\/schema\/logo\/image\/\",\"url\":\"https:\/\/cursosphere.r-one.dev\/wp-content\/uploads\/2025\/03\/Logo-1.svg\",\"contentUrl\":\"https:\/\/cursosphere.r-one.dev\/wp-content\/uploads\/2025\/03\/Logo-1.svg\",\"width\":36,\"height\":36,\"caption\":\"Calming practices\"},\"image\":{\"@id\":\"https:\/\/cursosphere.r-one.dev\/#\/schema\/logo\/image\/\"}}]}<\/script>\n<!-- \/ Yoast SEO plugin. -->","yoast_head_json":{"title":"El arte de la innovaci\u00f3n: t\u00e9cnicas para avances creativos - Curso Sphere","robots":{"index":"noindex","follow":"follow","max-snippet":"max-snippet:-1","max-image-preview":"max-image-preview:large","max-video-preview":"max-video-preview:-1"},"og_locale":"es_ES","og_type":"article","og_title":"El arte de la innovaci\u00f3n: t\u00e9cnicas para avances creativos - Curso Sphere","og_description":"La innovaci\u00f3n no surge de la nada: se construye a trav\u00e9s de t\u00e9cnicas, experimentaci\u00f3n y el valor de pensar de forma diferente. En este curso, profundizar\u00e1s en ejercicios creativos, estrategias para romper patrones y m\u00e9todos utilizados por inventores, artistas y emprendedores. Descubrir\u00e1s c\u00f3mo superar bloqueos mentales y liberar ideas que no sab\u00edas que ten\u00edas.","og_url":"https:\/\/cursosphere.r-one.dev\/es\/m\u0259hsul\/the-art-of-innovation-techniques-for-creative-breakthroughs\/","og_site_name":"Curso Sphere","article_modified_time":"2026-01-09T15:36:51+00:00","og_image":[{"width":800,"height":535,"url":"http:\/\/cursosphere.r-one.dev\/wp-content\/uploads\/2025\/12\/problem-solving-concept-with-man-working.webp","type":"image\/webp"}],"twitter_card":"summary_large_image","twitter_misc":{"Tiempo de lectura":"1 minuto"},"schema":{"@context":"https:\/\/schema.org","@graph":[{"@type":"WebPage","@id":"https:\/\/cursosphere.r-one.dev\/es\/m\u0259hsul\/the-art-of-innovation-techniques-for-creative-breakthroughs\/","url":"https:\/\/cursosphere.r-one.dev\/es\/m\u0259hsul\/the-art-of-innovation-techniques-for-creative-breakthroughs\/","name":"El arte de la innovaci\u00f3n: t\u00e9cnicas para avances creativos - Curso Sphere","isPartOf":{"@id":"https:\/\/cursosphere.r-one.dev\/#website"},"primaryImageOfPage":{"@id":"https:\/\/cursosphere.r-one.dev\/es\/m\u0259hsul\/the-art-of-innovation-techniques-for-creative-breakthroughs\/#primaryimage"},"image":{"@id":"https:\/\/cursosphere.r-one.dev\/es\/m\u0259hsul\/the-art-of-innovation-techniques-for-creative-breakthroughs\/#primaryimage"},"thumbnailUrl":"https:\/\/cursosphere.r-one.dev\/wp-content\/uploads\/2025\/12\/problem-solving-concept-with-man-working.webp","datePublished":"2025-12-19T13:48:04+00:00","dateModified":"2026-01-09T15:36:51+00:00","breadcrumb":{"@id":"https:\/\/cursosphere.r-one.dev\/es\/m\u0259hsul\/the-art-of-innovation-techniques-for-creative-breakthroughs\/#breadcrumb"},"inLanguage":"es","potentialAction":[{"@type":"ReadAction","target":["https:\/\/cursosphere.r-one.dev\/es\/m\u0259hsul\/the-art-of-innovation-techniques-for-creative-breakthroughs\/"]}]},{"@type":"ImageObject","inLanguage":"es","@id":"https:\/\/cursosphere.r-one.dev\/es\/m\u0259hsul\/the-art-of-innovation-techniques-for-creative-breakthroughs\/#primaryimage","url":"https:\/\/cursosphere.r-one.dev\/wp-content\/uploads\/2025\/12\/problem-solving-concept-with-man-working.webp","contentUrl":"https:\/\/cursosphere.r-one.dev\/wp-content\/uploads\/2025\/12\/problem-solving-concept-with-man-working.webp","width":800,"height":535},{"@type":"BreadcrumbList","@id":"https:\/\/cursosphere.r-one.dev\/es\/m\u0259hsul\/the-art-of-innovation-techniques-for-creative-breakthroughs\/#breadcrumb","itemListElement":[{"@type":"ListItem","position":1,"name":"\u0413\u043b\u0430\u0432\u043d\u0430\u044f \u0441\u0442\u0440\u0430\u043d\u0438\u0446\u0430","item":"https:\/\/cursosphere.r-one.dev\/es\/"},{"@type":"ListItem","position":2,"name":"Comienza a Aprender","item":"https:\/\/cursosphere.r-one.dev\/es\/empieza-a-aprender-hoy\/"},{"@type":"ListItem","position":3,"name":"El arte de la innovaci\u00f3n: t\u00e9cnicas para avances creativos"}]},{"@type":"WebSite","@id":"https:\/\/cursosphere.r-one.dev\/#website","url":"https:\/\/cursosphere.r-one.dev\/","name":"Calming practices","description":"","publisher":{"@id":"https:\/\/cursosphere.r-one.dev\/#organization"},"potentialAction":[{"@type":"SearchAction","target":{"@type":"EntryPoint","urlTemplate":"https:\/\/cursosphere.r-one.dev\/?s={search_term_string}"},"query-input":{"@type":"PropertyValueSpecification","valueRequired":true,"valueName":"search_term_string"}}],"inLanguage":"es"},{"@type":"Organization","@id":"https:\/\/cursosphere.r-one.dev\/#organization","name":"Calming practices","url":"https:\/\/cursosphere.r-one.dev\/","logo":{"@type":"ImageObject","inLanguage":"es","@id":"https:\/\/cursosphere.r-one.dev\/#\/schema\/logo\/image\/","url":"https:\/\/cursosphere.r-one.dev\/wp-content\/uploads\/2025\/03\/Logo-1.svg","contentUrl":"https:\/\/cursosphere.r-one.dev\/wp-content\/uploads\/2025\/03\/Logo-1.svg","width":36,"height":36,"caption":"Calming practices"},"image":{"@id":"https:\/\/cursosphere.r-one.dev\/#\/schema\/logo\/image\/"}}]}},"_links":{"self":[{"href":"https:\/\/cursosphere.r-one.dev\/es\/wp-json\/wp\/v2\/product\/5406","targetHints":{"allow":["GET"]}}],"collection":[{"href":"https:\/\/cursosphere.r-one.dev\/es\/wp-json\/wp\/v2\/product"}],"about":[{"href":"https:\/\/cursosphere.r-one.dev\/es\/wp-json\/wp\/v2\/types\/product"}],"replies":[{"embeddable":true,"href":"https:\/\/cursosphere.r-one.dev\/es\/wp-json\/wp\/v2\/comments?post=5406"}],"wp:featuredmedia":[{"embeddable":true,"href":"https:\/\/cursosphere.r-one.dev\/es\/wp-json\/wp\/v2\/media\/5407"}],"wp:attachment":[{"href":"https:\/\/cursosphere.r-one.dev\/es\/wp-json\/wp\/v2\/media?parent=5406"}],"wp:term":[{"taxonomy":"product_brand","embeddable":true,"href":"https:\/\/cursosphere.r-one.dev\/es\/wp-json\/wp\/v2\/product_brand?post=5406"},{"taxonomy":"product_cat","embeddable":true,"href":"https:\/\/cursosphere.r-one.dev\/es\/wp-json\/wp\/v2\/product_cat?post=5406"},{"taxonomy":"product_tag","embeddable":true,"href":"https:\/\/cursosphere.r-one.dev\/es\/wp-json\/wp\/v2\/product_tag?post=5406"}],"curies":[{"name":"wp","href":"https:\/\/api.w.org\/{rel}","templated":true}]}}