{"id":5462,"date":"2025-12-19T15:54:56","date_gmt":"2025-12-19T15:54:56","guid":{"rendered":"https:\/\/cursosphere.r-one.dev\/m\u0259hsul\/strategic-innovation-merging-creativity-and-business\/"},"modified":"2026-01-10T23:44:15","modified_gmt":"2026-01-10T23:44:15","slug":"strategic-innovation-merging-creativity-and-business","status":"publish","type":"product","link":"https:\/\/cursosphere.r-one.dev\/es\/m\u0259hsul\/strategic-innovation-merging-creativity-and-business\/","title":{"rendered":"Innovaci\u00f3n estrat\u00e9gica: fusionando creatividad y negocios"},"content":{"rendered":"<p><span data-sheets-root=\"1\">Habilidades clave que desarrollar\u00e1s:\u00a0<\/span><\/p>\n<ul>\n<li><em>Alinear ideas creativas con objetivos estrat\u00e9gicos del negocio<\/em><\/li>\n<li><em>Evaluar la innovaci\u00f3n desde una perspectiva orientada al negocio<\/em><\/li>\n<li><em>Convertir conceptos audaces en soluciones viables y listas para el mercado<\/em><\/li>\n<li><em>Equilibrar la creatividad con estructura y direcci\u00f3n<\/em><\/li>\n<li><em>Tomar decisiones informadas en procesos de innovaci\u00f3n<\/em><\/li>\n<li><em>Innovar con claridad, prop\u00f3sito e impacto medible<\/em><\/li>\n<\/ul>\n","protected":false},"excerpt":{"rendered":"<p><span data-sheets-root=\"1\">La innovaci\u00f3n solo tiene \u00e9xito cuando la imaginaci\u00f3n se encuentra con la estrategia. Este curso te brinda las herramientas para conectar la creatividad con los objetivos del negocio, ayud\u00e1ndote a convertir conceptos audaces en soluciones viables. Conciso, enfocado y pr\u00e1ctico, est\u00e1 dise\u00f1ado para quienes desean innovar con prop\u00f3sito y direcci\u00f3n.<\/span><\/p>\n","protected":false},"featured_media":5463,"comment_status":"open","ping_status":"closed","template":"","meta":{"_acf_changed":false},"product_brand":[],"product_cat":[106],"product_tag":[],"class_list":{"0":"post-5462","1":"product","2":"type-product","3":"status-publish","4":"has-post-thumbnail","6":"product_cat-diseno-pensamiento-e-innovacion","8":"first","9":"instock","10":"downloadable","11":"virtual","12":"purchasable","13":"product-type-simple"},"acf":[],"yoast_head":"<!-- This site is optimized with the Yoast SEO plugin v26.6 - https:\/\/yoast.com\/wordpress\/plugins\/seo\/ -->\n<title>Innovaci\u00f3n estrat\u00e9gica: fusionando creatividad y negocios - Curso Sphere<\/title>\n<meta name=\"robots\" content=\"noindex, follow, max-snippet:-1, max-image-preview:large, max-video-preview:-1\" \/>\n<meta property=\"og:locale\" content=\"es_ES\" \/>\n<meta property=\"og:type\" content=\"article\" \/>\n<meta property=\"og:title\" content=\"Innovaci\u00f3n estrat\u00e9gica: fusionando creatividad y negocios - Curso Sphere\" \/>\n<meta property=\"og:description\" content=\"La innovaci\u00f3n solo tiene \u00e9xito cuando la imaginaci\u00f3n se encuentra con la estrategia. Este curso te brinda las herramientas para conectar la creatividad con los objetivos del negocio, ayud\u00e1ndote a convertir conceptos audaces en soluciones viables. Conciso, enfocado y pr\u00e1ctico, est\u00e1 dise\u00f1ado para quienes desean innovar con prop\u00f3sito y direcci\u00f3n.\" \/>\n<meta property=\"og:url\" content=\"https:\/\/cursosphere.r-one.dev\/es\/m\u0259hsul\/strategic-innovation-merging-creativity-and-business\/\" \/>\n<meta property=\"og:site_name\" content=\"Curso Sphere\" \/>\n<meta property=\"article:modified_time\" content=\"2026-01-10T23:44:15+00:00\" \/>\n<meta property=\"og:image\" content=\"http:\/\/cursosphere.r-one.dev\/wp-content\/uploads\/2025\/12\/human-figurines-using-ladder-reach-cracked-lit-lightbulb-as-idea-concept.webp\" \/>\n\t<meta property=\"og:image:width\" content=\"800\" \/>\n\t<meta property=\"og:image:height\" content=\"535\" \/>\n\t<meta property=\"og:image:type\" content=\"image\/webp\" \/>\n<meta name=\"twitter:card\" content=\"summary_large_image\" \/>\n<meta name=\"twitter:label1\" content=\"Tiempo de lectura\" \/>\n\t<meta name=\"twitter:data1\" content=\"1 minuto\" \/>\n<script type=\"application\/ld+json\" class=\"yoast-schema-graph\">{\"@context\":\"https:\/\/schema.org\",\"@graph\":[{\"@type\":\"WebPage\",\"@id\":\"https:\/\/cursosphere.r-one.dev\/es\/m\u0259hsul\/strategic-innovation-merging-creativity-and-business\/\",\"url\":\"https:\/\/cursosphere.r-one.dev\/es\/m\u0259hsul\/strategic-innovation-merging-creativity-and-business\/\",\"name\":\"Innovaci\u00f3n estrat\u00e9gica: fusionando creatividad y negocios - Curso Sphere\",\"isPartOf\":{\"@id\":\"https:\/\/cursosphere.r-one.dev\/#website\"},\"primaryImageOfPage\":{\"@id\":\"https:\/\/cursosphere.r-one.dev\/es\/m\u0259hsul\/strategic-innovation-merging-creativity-and-business\/#primaryimage\"},\"image\":{\"@id\":\"https:\/\/cursosphere.r-one.dev\/es\/m\u0259hsul\/strategic-innovation-merging-creativity-and-business\/#primaryimage\"},\"thumbnailUrl\":\"https:\/\/cursosphere.r-one.dev\/wp-content\/uploads\/2025\/12\/human-figurines-using-ladder-reach-cracked-lit-lightbulb-as-idea-concept.webp\",\"datePublished\":\"2025-12-19T15:54:56+00:00\",\"dateModified\":\"2026-01-10T23:44:15+00:00\",\"breadcrumb\":{\"@id\":\"https:\/\/cursosphere.r-one.dev\/es\/m\u0259hsul\/strategic-innovation-merging-creativity-and-business\/#breadcrumb\"},\"inLanguage\":\"es\",\"potentialAction\":[{\"@type\":\"ReadAction\",\"target\":[\"https:\/\/cursosphere.r-one.dev\/es\/m\u0259hsul\/strategic-innovation-merging-creativity-and-business\/\"]}]},{\"@type\":\"ImageObject\",\"inLanguage\":\"es\",\"@id\":\"https:\/\/cursosphere.r-one.dev\/es\/m\u0259hsul\/strategic-innovation-merging-creativity-and-business\/#primaryimage\",\"url\":\"https:\/\/cursosphere.r-one.dev\/wp-content\/uploads\/2025\/12\/human-figurines-using-ladder-reach-cracked-lit-lightbulb-as-idea-concept.webp\",\"contentUrl\":\"https:\/\/cursosphere.r-one.dev\/wp-content\/uploads\/2025\/12\/human-figurines-using-ladder-reach-cracked-lit-lightbulb-as-idea-concept.webp\",\"width\":800,\"height\":535},{\"@type\":\"BreadcrumbList\",\"@id\":\"https:\/\/cursosphere.r-one.dev\/es\/m\u0259hsul\/strategic-innovation-merging-creativity-and-business\/#breadcrumb\",\"itemListElement\":[{\"@type\":\"ListItem\",\"position\":1,\"name\":\"\u0413\u043b\u0430\u0432\u043d\u0430\u044f \u0441\u0442\u0440\u0430\u043d\u0438\u0446\u0430\",\"item\":\"https:\/\/cursosphere.r-one.dev\/es\/\"},{\"@type\":\"ListItem\",\"position\":2,\"name\":\"Comienza a Aprender\",\"item\":\"https:\/\/cursosphere.r-one.dev\/es\/empieza-a-aprender-hoy\/\"},{\"@type\":\"ListItem\",\"position\":3,\"name\":\"Innovaci\u00f3n estrat\u00e9gica: fusionando creatividad y negocios\"}]},{\"@type\":\"WebSite\",\"@id\":\"https:\/\/cursosphere.r-one.dev\/#website\",\"url\":\"https:\/\/cursosphere.r-one.dev\/\",\"name\":\"Calming practices\",\"description\":\"\",\"publisher\":{\"@id\":\"https:\/\/cursosphere.r-one.dev\/#organization\"},\"potentialAction\":[{\"@type\":\"SearchAction\",\"target\":{\"@type\":\"EntryPoint\",\"urlTemplate\":\"https:\/\/cursosphere.r-one.dev\/?s={search_term_string}\"},\"query-input\":{\"@type\":\"PropertyValueSpecification\",\"valueRequired\":true,\"valueName\":\"search_term_string\"}}],\"inLanguage\":\"es\"},{\"@type\":\"Organization\",\"@id\":\"https:\/\/cursosphere.r-one.dev\/#organization\",\"name\":\"Calming practices\",\"url\":\"https:\/\/cursosphere.r-one.dev\/\",\"logo\":{\"@type\":\"ImageObject\",\"inLanguage\":\"es\",\"@id\":\"https:\/\/cursosphere.r-one.dev\/#\/schema\/logo\/image\/\",\"url\":\"https:\/\/cursosphere.r-one.dev\/wp-content\/uploads\/2025\/03\/Logo-1.svg\",\"contentUrl\":\"https:\/\/cursosphere.r-one.dev\/wp-content\/uploads\/2025\/03\/Logo-1.svg\",\"width\":36,\"height\":36,\"caption\":\"Calming practices\"},\"image\":{\"@id\":\"https:\/\/cursosphere.r-one.dev\/#\/schema\/logo\/image\/\"}}]}<\/script>\n<!-- \/ Yoast SEO plugin. -->","yoast_head_json":{"title":"Innovaci\u00f3n estrat\u00e9gica: fusionando creatividad y negocios - Curso Sphere","robots":{"index":"noindex","follow":"follow","max-snippet":"max-snippet:-1","max-image-preview":"max-image-preview:large","max-video-preview":"max-video-preview:-1"},"og_locale":"es_ES","og_type":"article","og_title":"Innovaci\u00f3n estrat\u00e9gica: fusionando creatividad y negocios - Curso Sphere","og_description":"La innovaci\u00f3n solo tiene \u00e9xito cuando la imaginaci\u00f3n se encuentra con la estrategia. Este curso te brinda las herramientas para conectar la creatividad con los objetivos del negocio, ayud\u00e1ndote a convertir conceptos audaces en soluciones viables. Conciso, enfocado y pr\u00e1ctico, est\u00e1 dise\u00f1ado para quienes desean innovar con prop\u00f3sito y direcci\u00f3n.","og_url":"https:\/\/cursosphere.r-one.dev\/es\/m\u0259hsul\/strategic-innovation-merging-creativity-and-business\/","og_site_name":"Curso Sphere","article_modified_time":"2026-01-10T23:44:15+00:00","og_image":[{"width":800,"height":535,"url":"http:\/\/cursosphere.r-one.dev\/wp-content\/uploads\/2025\/12\/human-figurines-using-ladder-reach-cracked-lit-lightbulb-as-idea-concept.webp","type":"image\/webp"}],"twitter_card":"summary_large_image","twitter_misc":{"Tiempo de lectura":"1 minuto"},"schema":{"@context":"https:\/\/schema.org","@graph":[{"@type":"WebPage","@id":"https:\/\/cursosphere.r-one.dev\/es\/m\u0259hsul\/strategic-innovation-merging-creativity-and-business\/","url":"https:\/\/cursosphere.r-one.dev\/es\/m\u0259hsul\/strategic-innovation-merging-creativity-and-business\/","name":"Innovaci\u00f3n estrat\u00e9gica: fusionando creatividad y negocios - Curso Sphere","isPartOf":{"@id":"https:\/\/cursosphere.r-one.dev\/#website"},"primaryImageOfPage":{"@id":"https:\/\/cursosphere.r-one.dev\/es\/m\u0259hsul\/strategic-innovation-merging-creativity-and-business\/#primaryimage"},"image":{"@id":"https:\/\/cursosphere.r-one.dev\/es\/m\u0259hsul\/strategic-innovation-merging-creativity-and-business\/#primaryimage"},"thumbnailUrl":"https:\/\/cursosphere.r-one.dev\/wp-content\/uploads\/2025\/12\/human-figurines-using-ladder-reach-cracked-lit-lightbulb-as-idea-concept.webp","datePublished":"2025-12-19T15:54:56+00:00","dateModified":"2026-01-10T23:44:15+00:00","breadcrumb":{"@id":"https:\/\/cursosphere.r-one.dev\/es\/m\u0259hsul\/strategic-innovation-merging-creativity-and-business\/#breadcrumb"},"inLanguage":"es","potentialAction":[{"@type":"ReadAction","target":["https:\/\/cursosphere.r-one.dev\/es\/m\u0259hsul\/strategic-innovation-merging-creativity-and-business\/"]}]},{"@type":"ImageObject","inLanguage":"es","@id":"https:\/\/cursosphere.r-one.dev\/es\/m\u0259hsul\/strategic-innovation-merging-creativity-and-business\/#primaryimage","url":"https:\/\/cursosphere.r-one.dev\/wp-content\/uploads\/2025\/12\/human-figurines-using-ladder-reach-cracked-lit-lightbulb-as-idea-concept.webp","contentUrl":"https:\/\/cursosphere.r-one.dev\/wp-content\/uploads\/2025\/12\/human-figurines-using-ladder-reach-cracked-lit-lightbulb-as-idea-concept.webp","width":800,"height":535},{"@type":"BreadcrumbList","@id":"https:\/\/cursosphere.r-one.dev\/es\/m\u0259hsul\/strategic-innovation-merging-creativity-and-business\/#breadcrumb","itemListElement":[{"@type":"ListItem","position":1,"name":"\u0413\u043b\u0430\u0432\u043d\u0430\u044f \u0441\u0442\u0440\u0430\u043d\u0438\u0446\u0430","item":"https:\/\/cursosphere.r-one.dev\/es\/"},{"@type":"ListItem","position":2,"name":"Comienza a Aprender","item":"https:\/\/cursosphere.r-one.dev\/es\/empieza-a-aprender-hoy\/"},{"@type":"ListItem","position":3,"name":"Innovaci\u00f3n estrat\u00e9gica: fusionando creatividad y negocios"}]},{"@type":"WebSite","@id":"https:\/\/cursosphere.r-one.dev\/#website","url":"https:\/\/cursosphere.r-one.dev\/","name":"Calming practices","description":"","publisher":{"@id":"https:\/\/cursosphere.r-one.dev\/#organization"},"potentialAction":[{"@type":"SearchAction","target":{"@type":"EntryPoint","urlTemplate":"https:\/\/cursosphere.r-one.dev\/?s={search_term_string}"},"query-input":{"@type":"PropertyValueSpecification","valueRequired":true,"valueName":"search_term_string"}}],"inLanguage":"es"},{"@type":"Organization","@id":"https:\/\/cursosphere.r-one.dev\/#organization","name":"Calming practices","url":"https:\/\/cursosphere.r-one.dev\/","logo":{"@type":"ImageObject","inLanguage":"es","@id":"https:\/\/cursosphere.r-one.dev\/#\/schema\/logo\/image\/","url":"https:\/\/cursosphere.r-one.dev\/wp-content\/uploads\/2025\/03\/Logo-1.svg","contentUrl":"https:\/\/cursosphere.r-one.dev\/wp-content\/uploads\/2025\/03\/Logo-1.svg","width":36,"height":36,"caption":"Calming practices"},"image":{"@id":"https:\/\/cursosphere.r-one.dev\/#\/schema\/logo\/image\/"}}]}},"_links":{"self":[{"href":"https:\/\/cursosphere.r-one.dev\/es\/wp-json\/wp\/v2\/product\/5462","targetHints":{"allow":["GET"]}}],"collection":[{"href":"https:\/\/cursosphere.r-one.dev\/es\/wp-json\/wp\/v2\/product"}],"about":[{"href":"https:\/\/cursosphere.r-one.dev\/es\/wp-json\/wp\/v2\/types\/product"}],"replies":[{"embeddable":true,"href":"https:\/\/cursosphere.r-one.dev\/es\/wp-json\/wp\/v2\/comments?post=5462"}],"wp:featuredmedia":[{"embeddable":true,"href":"https:\/\/cursosphere.r-one.dev\/es\/wp-json\/wp\/v2\/media\/5463"}],"wp:attachment":[{"href":"https:\/\/cursosphere.r-one.dev\/es\/wp-json\/wp\/v2\/media?parent=5462"}],"wp:term":[{"taxonomy":"product_brand","embeddable":true,"href":"https:\/\/cursosphere.r-one.dev\/es\/wp-json\/wp\/v2\/product_brand?post=5462"},{"taxonomy":"product_cat","embeddable":true,"href":"https:\/\/cursosphere.r-one.dev\/es\/wp-json\/wp\/v2\/product_cat?post=5462"},{"taxonomy":"product_tag","embeddable":true,"href":"https:\/\/cursosphere.r-one.dev\/es\/wp-json\/wp\/v2\/product_tag?post=5462"}],"curies":[{"name":"wp","href":"https:\/\/api.w.org\/{rel}","templated":true}]}}