{"id":5471,"date":"2025-12-19T16:18:43","date_gmt":"2025-12-19T16:18:43","guid":{"rendered":"https:\/\/cursosphere.r-one.dev\/m\u0259hsul\/culinary-basics-from-knife-skills-to-flavor-mastery\/"},"modified":"2026-01-10T23:54:45","modified_gmt":"2026-01-10T23:54:45","slug":"culinary-basics-from-knife-skills-to-flavor-mastery","status":"publish","type":"product","link":"https:\/\/cursosphere.r-one.dev\/es\/m\u0259hsul\/culinary-basics-from-knife-skills-to-flavor-mastery\/","title":{"rendered":"Fundamentos culinarios: de la habilidad con el cuchillo al dominio del sabor"},"content":{"rendered":"<p><span data-sheets-root=\"1\">Habilidades clave que desarrollar\u00e1s:\u00a0<\/span><\/p>\n<ul>\n<li><em>Usar herramientas de cocina y cuchillos con confianza y precisi\u00f3n<\/em><\/li>\n<li><em>Aplicar t\u00e9cnicas culinarias esenciales para las comidas diarias<\/em><\/li>\n<li><em>Comprender c\u00f3mo se combinan y equilibran los sabores<\/em><\/li>\n<li><em>Desarrollar una base s\u00f3lida de habilidades para cocinar en casa<\/em><\/li>\n<li><em>Cocinar con mayor soltura, precisi\u00f3n e intuici\u00f3n<\/em><\/li>\n<li><em>Desarrollar confianza en la cocina a trav\u00e9s de la pr\u00e1ctica<\/em><\/li>\n<\/ul>\n","protected":false},"excerpt":{"rendered":"<p><span data-sheets-root=\"1\">Aprende las bases esenciales que todo cocinero necesita, desde sujetar un cuchillo con confianza hasta comprender c\u00f3mo interact\u00faan los sabores. Este curso ense\u00f1a habilidades pr\u00e1cticas a trav\u00e9s de t\u00e9cnicas claras y sencillas que desarrollan una verdadera competencia en la cocina. Al finalizar, cocinar\u00e1s con soltura, precisi\u00f3n e intuici\u00f3n.<\/span><\/p>\n","protected":false},"featured_media":5473,"comment_status":"open","ping_status":"closed","template":"","meta":{"_acf_changed":false},"product_brand":[],"product_cat":[107],"product_tag":[],"class_list":{"0":"post-5471","1":"product","2":"type-product","3":"status-publish","4":"has-post-thumbnail","6":"product_cat-artes-culinarias-y-gastronomia","8":"first","9":"instock","10":"downloadable","11":"virtual","12":"purchasable","13":"product-type-simple"},"acf":[],"yoast_head":"<!-- This site is optimized with the Yoast SEO plugin v26.6 - https:\/\/yoast.com\/wordpress\/plugins\/seo\/ -->\n<title>Fundamentos culinarios: de la habilidad con el cuchillo al dominio del sabor - Curso Sphere<\/title>\n<meta name=\"robots\" content=\"noindex, follow, max-snippet:-1, max-image-preview:large, max-video-preview:-1\" \/>\n<meta property=\"og:locale\" content=\"es_ES\" \/>\n<meta property=\"og:type\" content=\"article\" \/>\n<meta property=\"og:title\" content=\"Fundamentos culinarios: de la habilidad con el cuchillo al dominio del sabor - Curso Sphere\" \/>\n<meta property=\"og:description\" content=\"Aprende las bases esenciales que todo cocinero necesita, desde sujetar un cuchillo con confianza hasta comprender c\u00f3mo interact\u00faan los sabores. Este curso ense\u00f1a habilidades pr\u00e1cticas a trav\u00e9s de t\u00e9cnicas claras y sencillas que desarrollan una verdadera competencia en la cocina. Al finalizar, cocinar\u00e1s con soltura, precisi\u00f3n e intuici\u00f3n.\" \/>\n<meta property=\"og:url\" content=\"https:\/\/cursosphere.r-one.dev\/es\/m\u0259hsul\/culinary-basics-from-knife-skills-to-flavor-mastery\/\" \/>\n<meta property=\"og:site_name\" content=\"Curso Sphere\" \/>\n<meta property=\"article:modified_time\" content=\"2026-01-10T23:54:45+00:00\" \/>\n<meta property=\"og:image\" content=\"http:\/\/cursosphere.r-one.dev\/wp-content\/uploads\/2025\/12\/midsection-man-chopping-vegetables-cutting-board.webp\" \/>\n\t<meta property=\"og:image:width\" content=\"800\" \/>\n\t<meta property=\"og:image:height\" content=\"535\" \/>\n\t<meta property=\"og:image:type\" content=\"image\/webp\" \/>\n<meta name=\"twitter:card\" content=\"summary_large_image\" \/>\n<meta name=\"twitter:label1\" content=\"Tiempo de lectura\" \/>\n\t<meta name=\"twitter:data1\" content=\"1 minuto\" \/>\n<script type=\"application\/ld+json\" class=\"yoast-schema-graph\">{\"@context\":\"https:\/\/schema.org\",\"@graph\":[{\"@type\":\"WebPage\",\"@id\":\"https:\/\/cursosphere.r-one.dev\/es\/m\u0259hsul\/culinary-basics-from-knife-skills-to-flavor-mastery\/\",\"url\":\"https:\/\/cursosphere.r-one.dev\/es\/m\u0259hsul\/culinary-basics-from-knife-skills-to-flavor-mastery\/\",\"name\":\"Fundamentos culinarios: de la habilidad con el cuchillo al dominio del sabor - Curso Sphere\",\"isPartOf\":{\"@id\":\"https:\/\/cursosphere.r-one.dev\/#website\"},\"primaryImageOfPage\":{\"@id\":\"https:\/\/cursosphere.r-one.dev\/es\/m\u0259hsul\/culinary-basics-from-knife-skills-to-flavor-mastery\/#primaryimage\"},\"image\":{\"@id\":\"https:\/\/cursosphere.r-one.dev\/es\/m\u0259hsul\/culinary-basics-from-knife-skills-to-flavor-mastery\/#primaryimage\"},\"thumbnailUrl\":\"https:\/\/cursosphere.r-one.dev\/wp-content\/uploads\/2025\/12\/midsection-man-chopping-vegetables-cutting-board.webp\",\"datePublished\":\"2025-12-19T16:18:43+00:00\",\"dateModified\":\"2026-01-10T23:54:45+00:00\",\"breadcrumb\":{\"@id\":\"https:\/\/cursosphere.r-one.dev\/es\/m\u0259hsul\/culinary-basics-from-knife-skills-to-flavor-mastery\/#breadcrumb\"},\"inLanguage\":\"es\",\"potentialAction\":[{\"@type\":\"ReadAction\",\"target\":[\"https:\/\/cursosphere.r-one.dev\/es\/m\u0259hsul\/culinary-basics-from-knife-skills-to-flavor-mastery\/\"]}]},{\"@type\":\"ImageObject\",\"inLanguage\":\"es\",\"@id\":\"https:\/\/cursosphere.r-one.dev\/es\/m\u0259hsul\/culinary-basics-from-knife-skills-to-flavor-mastery\/#primaryimage\",\"url\":\"https:\/\/cursosphere.r-one.dev\/wp-content\/uploads\/2025\/12\/midsection-man-chopping-vegetables-cutting-board.webp\",\"contentUrl\":\"https:\/\/cursosphere.r-one.dev\/wp-content\/uploads\/2025\/12\/midsection-man-chopping-vegetables-cutting-board.webp\",\"width\":800,\"height\":535},{\"@type\":\"BreadcrumbList\",\"@id\":\"https:\/\/cursosphere.r-one.dev\/es\/m\u0259hsul\/culinary-basics-from-knife-skills-to-flavor-mastery\/#breadcrumb\",\"itemListElement\":[{\"@type\":\"ListItem\",\"position\":1,\"name\":\"\u0413\u043b\u0430\u0432\u043d\u0430\u044f \u0441\u0442\u0440\u0430\u043d\u0438\u0446\u0430\",\"item\":\"https:\/\/cursosphere.r-one.dev\/es\/\"},{\"@type\":\"ListItem\",\"position\":2,\"name\":\"Comienza a Aprender\",\"item\":\"https:\/\/cursosphere.r-one.dev\/es\/empieza-a-aprender-hoy\/\"},{\"@type\":\"ListItem\",\"position\":3,\"name\":\"Fundamentos culinarios: de la habilidad con el cuchillo al dominio del sabor\"}]},{\"@type\":\"WebSite\",\"@id\":\"https:\/\/cursosphere.r-one.dev\/#website\",\"url\":\"https:\/\/cursosphere.r-one.dev\/\",\"name\":\"Calming practices\",\"description\":\"\",\"publisher\":{\"@id\":\"https:\/\/cursosphere.r-one.dev\/#organization\"},\"potentialAction\":[{\"@type\":\"SearchAction\",\"target\":{\"@type\":\"EntryPoint\",\"urlTemplate\":\"https:\/\/cursosphere.r-one.dev\/?s={search_term_string}\"},\"query-input\":{\"@type\":\"PropertyValueSpecification\",\"valueRequired\":true,\"valueName\":\"search_term_string\"}}],\"inLanguage\":\"es\"},{\"@type\":\"Organization\",\"@id\":\"https:\/\/cursosphere.r-one.dev\/#organization\",\"name\":\"Calming practices\",\"url\":\"https:\/\/cursosphere.r-one.dev\/\",\"logo\":{\"@type\":\"ImageObject\",\"inLanguage\":\"es\",\"@id\":\"https:\/\/cursosphere.r-one.dev\/#\/schema\/logo\/image\/\",\"url\":\"https:\/\/cursosphere.r-one.dev\/wp-content\/uploads\/2025\/03\/Logo-1.svg\",\"contentUrl\":\"https:\/\/cursosphere.r-one.dev\/wp-content\/uploads\/2025\/03\/Logo-1.svg\",\"width\":36,\"height\":36,\"caption\":\"Calming practices\"},\"image\":{\"@id\":\"https:\/\/cursosphere.r-one.dev\/#\/schema\/logo\/image\/\"}}]}<\/script>\n<!-- \/ Yoast SEO plugin. -->","yoast_head_json":{"title":"Fundamentos culinarios: de la habilidad con el cuchillo al dominio del sabor - Curso Sphere","robots":{"index":"noindex","follow":"follow","max-snippet":"max-snippet:-1","max-image-preview":"max-image-preview:large","max-video-preview":"max-video-preview:-1"},"og_locale":"es_ES","og_type":"article","og_title":"Fundamentos culinarios: de la habilidad con el cuchillo al dominio del sabor - Curso Sphere","og_description":"Aprende las bases esenciales que todo cocinero necesita, desde sujetar un cuchillo con confianza hasta comprender c\u00f3mo interact\u00faan los sabores. Este curso ense\u00f1a habilidades pr\u00e1cticas a trav\u00e9s de t\u00e9cnicas claras y sencillas que desarrollan una verdadera competencia en la cocina. Al finalizar, cocinar\u00e1s con soltura, precisi\u00f3n e intuici\u00f3n.","og_url":"https:\/\/cursosphere.r-one.dev\/es\/m\u0259hsul\/culinary-basics-from-knife-skills-to-flavor-mastery\/","og_site_name":"Curso Sphere","article_modified_time":"2026-01-10T23:54:45+00:00","og_image":[{"width":800,"height":535,"url":"http:\/\/cursosphere.r-one.dev\/wp-content\/uploads\/2025\/12\/midsection-man-chopping-vegetables-cutting-board.webp","type":"image\/webp"}],"twitter_card":"summary_large_image","twitter_misc":{"Tiempo de lectura":"1 minuto"},"schema":{"@context":"https:\/\/schema.org","@graph":[{"@type":"WebPage","@id":"https:\/\/cursosphere.r-one.dev\/es\/m\u0259hsul\/culinary-basics-from-knife-skills-to-flavor-mastery\/","url":"https:\/\/cursosphere.r-one.dev\/es\/m\u0259hsul\/culinary-basics-from-knife-skills-to-flavor-mastery\/","name":"Fundamentos culinarios: de la habilidad con el cuchillo al dominio del sabor - Curso Sphere","isPartOf":{"@id":"https:\/\/cursosphere.r-one.dev\/#website"},"primaryImageOfPage":{"@id":"https:\/\/cursosphere.r-one.dev\/es\/m\u0259hsul\/culinary-basics-from-knife-skills-to-flavor-mastery\/#primaryimage"},"image":{"@id":"https:\/\/cursosphere.r-one.dev\/es\/m\u0259hsul\/culinary-basics-from-knife-skills-to-flavor-mastery\/#primaryimage"},"thumbnailUrl":"https:\/\/cursosphere.r-one.dev\/wp-content\/uploads\/2025\/12\/midsection-man-chopping-vegetables-cutting-board.webp","datePublished":"2025-12-19T16:18:43+00:00","dateModified":"2026-01-10T23:54:45+00:00","breadcrumb":{"@id":"https:\/\/cursosphere.r-one.dev\/es\/m\u0259hsul\/culinary-basics-from-knife-skills-to-flavor-mastery\/#breadcrumb"},"inLanguage":"es","potentialAction":[{"@type":"ReadAction","target":["https:\/\/cursosphere.r-one.dev\/es\/m\u0259hsul\/culinary-basics-from-knife-skills-to-flavor-mastery\/"]}]},{"@type":"ImageObject","inLanguage":"es","@id":"https:\/\/cursosphere.r-one.dev\/es\/m\u0259hsul\/culinary-basics-from-knife-skills-to-flavor-mastery\/#primaryimage","url":"https:\/\/cursosphere.r-one.dev\/wp-content\/uploads\/2025\/12\/midsection-man-chopping-vegetables-cutting-board.webp","contentUrl":"https:\/\/cursosphere.r-one.dev\/wp-content\/uploads\/2025\/12\/midsection-man-chopping-vegetables-cutting-board.webp","width":800,"height":535},{"@type":"BreadcrumbList","@id":"https:\/\/cursosphere.r-one.dev\/es\/m\u0259hsul\/culinary-basics-from-knife-skills-to-flavor-mastery\/#breadcrumb","itemListElement":[{"@type":"ListItem","position":1,"name":"\u0413\u043b\u0430\u0432\u043d\u0430\u044f \u0441\u0442\u0440\u0430\u043d\u0438\u0446\u0430","item":"https:\/\/cursosphere.r-one.dev\/es\/"},{"@type":"ListItem","position":2,"name":"Comienza a Aprender","item":"https:\/\/cursosphere.r-one.dev\/es\/empieza-a-aprender-hoy\/"},{"@type":"ListItem","position":3,"name":"Fundamentos culinarios: de la habilidad con el cuchillo al dominio del sabor"}]},{"@type":"WebSite","@id":"https:\/\/cursosphere.r-one.dev\/#website","url":"https:\/\/cursosphere.r-one.dev\/","name":"Calming practices","description":"","publisher":{"@id":"https:\/\/cursosphere.r-one.dev\/#organization"},"potentialAction":[{"@type":"SearchAction","target":{"@type":"EntryPoint","urlTemplate":"https:\/\/cursosphere.r-one.dev\/?s={search_term_string}"},"query-input":{"@type":"PropertyValueSpecification","valueRequired":true,"valueName":"search_term_string"}}],"inLanguage":"es"},{"@type":"Organization","@id":"https:\/\/cursosphere.r-one.dev\/#organization","name":"Calming practices","url":"https:\/\/cursosphere.r-one.dev\/","logo":{"@type":"ImageObject","inLanguage":"es","@id":"https:\/\/cursosphere.r-one.dev\/#\/schema\/logo\/image\/","url":"https:\/\/cursosphere.r-one.dev\/wp-content\/uploads\/2025\/03\/Logo-1.svg","contentUrl":"https:\/\/cursosphere.r-one.dev\/wp-content\/uploads\/2025\/03\/Logo-1.svg","width":36,"height":36,"caption":"Calming practices"},"image":{"@id":"https:\/\/cursosphere.r-one.dev\/#\/schema\/logo\/image\/"}}]}},"_links":{"self":[{"href":"https:\/\/cursosphere.r-one.dev\/es\/wp-json\/wp\/v2\/product\/5471","targetHints":{"allow":["GET"]}}],"collection":[{"href":"https:\/\/cursosphere.r-one.dev\/es\/wp-json\/wp\/v2\/product"}],"about":[{"href":"https:\/\/cursosphere.r-one.dev\/es\/wp-json\/wp\/v2\/types\/product"}],"replies":[{"embeddable":true,"href":"https:\/\/cursosphere.r-one.dev\/es\/wp-json\/wp\/v2\/comments?post=5471"}],"wp:featuredmedia":[{"embeddable":true,"href":"https:\/\/cursosphere.r-one.dev\/es\/wp-json\/wp\/v2\/media\/5473"}],"wp:attachment":[{"href":"https:\/\/cursosphere.r-one.dev\/es\/wp-json\/wp\/v2\/media?parent=5471"}],"wp:term":[{"taxonomy":"product_brand","embeddable":true,"href":"https:\/\/cursosphere.r-one.dev\/es\/wp-json\/wp\/v2\/product_brand?post=5471"},{"taxonomy":"product_cat","embeddable":true,"href":"https:\/\/cursosphere.r-one.dev\/es\/wp-json\/wp\/v2\/product_cat?post=5471"},{"taxonomy":"product_tag","embeddable":true,"href":"https:\/\/cursosphere.r-one.dev\/es\/wp-json\/wp\/v2\/product_tag?post=5471"}],"curies":[{"name":"wp","href":"https:\/\/api.w.org\/{rel}","templated":true}]}}