{"id":5707,"date":"2025-12-22T19:42:29","date_gmt":"2025-12-22T19:42:29","guid":{"rendered":"https:\/\/cursosphere.r-one.dev\/m\u0259hsul\/mental-clarity-improve-focus-decision-making\/"},"modified":"2026-01-10T21:35:21","modified_gmt":"2026-01-10T21:35:21","slug":"mental-clarity-improve-focus-decision-making","status":"publish","type":"product","link":"https:\/\/cursosphere.r-one.dev\/es\/m\u0259hsul\/mental-clarity-improve-focus-decision-making\/","title":{"rendered":"Claridad mental: Mejorar el enfoque y la toma de decisiones"},"content":{"rendered":"<p>Habilidades clave que desarrollar\u00e1s:<\/p>\n<ul>\n<li><em>Reducir el desorden mental con m\u00e9todos estructurados de descarga y organizaci\u00f3n<\/em><\/li>\n<li><em>Mejorar la concentraci\u00f3n sostenida con ejercicios de entrenamiento atencional<\/em><\/li>\n<li><em>Priorizar tareas usando marcos simples de decisi\u00f3n y planificaci\u00f3n<\/em><\/li>\n<li><em>Reducir distracciones dise\u00f1ando un entorno que te apoye<\/em><\/li>\n<li><em>Tomar decisiones m\u00e1s claras bajo presi\u00f3n con herramientas r\u00e1pidas de claridad<\/em><\/li>\n<li><em>Crear rutinas que protejan el trabajo profundo y el tiempo de recuperaci\u00f3n<\/em><\/li>\n<\/ul>\n","protected":false},"excerpt":{"rendered":"<p>Desarrolla claridad mental para enfocarte, pensar con m\u00e1s calma y tomar mejores decisiones\u2014especialmente cuando la vida se siente ruidosa. Aprender\u00e1s a reducir el desorden mental, gestionar la atenci\u00f3n y crear un sistema simple para priorizar lo importante. Incluye ejercicios de enfoque, marcos de decisi\u00f3n y rutinas para una productividad tranquila y constante.<\/p>\n","protected":false},"featured_media":5709,"comment_status":"open","ping_status":"closed","template":"","meta":{"_acf_changed":false},"product_brand":[],"product_cat":[111],"product_tag":[],"class_list":{"0":"post-5707","1":"product","2":"type-product","3":"status-publish","4":"has-post-thumbnail","6":"product_cat-atencion-plena-y-bienestar-mental","8":"first","9":"instock","10":"downloadable","11":"virtual","12":"purchasable","13":"product-type-simple"},"acf":[],"yoast_head":"<!-- This site is optimized with the Yoast SEO plugin v26.6 - https:\/\/yoast.com\/wordpress\/plugins\/seo\/ -->\n<title>Claridad mental: Mejorar el enfoque y la toma de decisiones - Curso Sphere<\/title>\n<meta name=\"robots\" content=\"noindex, follow, max-snippet:-1, max-image-preview:large, max-video-preview:-1\" \/>\n<meta property=\"og:locale\" content=\"es_ES\" \/>\n<meta property=\"og:type\" content=\"article\" \/>\n<meta property=\"og:title\" content=\"Claridad mental: Mejorar el enfoque y la toma de decisiones - Curso Sphere\" \/>\n<meta property=\"og:description\" content=\"Desarrolla claridad mental para enfocarte, pensar con m\u00e1s calma y tomar mejores decisiones\u2014especialmente cuando la vida se siente ruidosa. Aprender\u00e1s a reducir el desorden mental, gestionar la atenci\u00f3n y crear un sistema simple para priorizar lo importante. Incluye ejercicios de enfoque, marcos de decisi\u00f3n y rutinas para una productividad tranquila y constante.\" \/>\n<meta property=\"og:url\" content=\"https:\/\/cursosphere.r-one.dev\/es\/m\u0259hsul\/mental-clarity-improve-focus-decision-making\/\" \/>\n<meta property=\"og:site_name\" content=\"Curso Sphere\" \/>\n<meta property=\"article:modified_time\" content=\"2026-01-10T21:35:21+00:00\" \/>\n<meta property=\"og:image\" content=\"http:\/\/cursosphere.r-one.dev\/wp-content\/uploads\/2025\/12\/16_Mental-Clarity-Improve-Focus-Decision-Making-scaled.jpg\" \/>\n\t<meta property=\"og:image:width\" content=\"2560\" \/>\n\t<meta property=\"og:image:height\" content=\"1707\" \/>\n\t<meta property=\"og:image:type\" content=\"image\/jpeg\" \/>\n<meta name=\"twitter:card\" content=\"summary_large_image\" \/>\n<meta name=\"twitter:label1\" content=\"Tiempo de lectura\" \/>\n\t<meta name=\"twitter:data1\" content=\"1 minuto\" \/>\n<script type=\"application\/ld+json\" class=\"yoast-schema-graph\">{\"@context\":\"https:\/\/schema.org\",\"@graph\":[{\"@type\":\"WebPage\",\"@id\":\"https:\/\/cursosphere.r-one.dev\/es\/m\u0259hsul\/mental-clarity-improve-focus-decision-making\/\",\"url\":\"https:\/\/cursosphere.r-one.dev\/es\/m\u0259hsul\/mental-clarity-improve-focus-decision-making\/\",\"name\":\"Claridad mental: Mejorar el enfoque y la toma de decisiones - Curso Sphere\",\"isPartOf\":{\"@id\":\"https:\/\/cursosphere.r-one.dev\/#website\"},\"primaryImageOfPage\":{\"@id\":\"https:\/\/cursosphere.r-one.dev\/es\/m\u0259hsul\/mental-clarity-improve-focus-decision-making\/#primaryimage\"},\"image\":{\"@id\":\"https:\/\/cursosphere.r-one.dev\/es\/m\u0259hsul\/mental-clarity-improve-focus-decision-making\/#primaryimage\"},\"thumbnailUrl\":\"https:\/\/cursosphere.r-one.dev\/wp-content\/uploads\/2025\/12\/16_Mental-Clarity-Improve-Focus-Decision-Making-scaled.jpg\",\"datePublished\":\"2025-12-22T19:42:29+00:00\",\"dateModified\":\"2026-01-10T21:35:21+00:00\",\"breadcrumb\":{\"@id\":\"https:\/\/cursosphere.r-one.dev\/es\/m\u0259hsul\/mental-clarity-improve-focus-decision-making\/#breadcrumb\"},\"inLanguage\":\"es\",\"potentialAction\":[{\"@type\":\"ReadAction\",\"target\":[\"https:\/\/cursosphere.r-one.dev\/es\/m\u0259hsul\/mental-clarity-improve-focus-decision-making\/\"]}]},{\"@type\":\"ImageObject\",\"inLanguage\":\"es\",\"@id\":\"https:\/\/cursosphere.r-one.dev\/es\/m\u0259hsul\/mental-clarity-improve-focus-decision-making\/#primaryimage\",\"url\":\"https:\/\/cursosphere.r-one.dev\/wp-content\/uploads\/2025\/12\/16_Mental-Clarity-Improve-Focus-Decision-Making-scaled.jpg\",\"contentUrl\":\"https:\/\/cursosphere.r-one.dev\/wp-content\/uploads\/2025\/12\/16_Mental-Clarity-Improve-Focus-Decision-Making-scaled.jpg\",\"width\":2560,\"height\":1707},{\"@type\":\"BreadcrumbList\",\"@id\":\"https:\/\/cursosphere.r-one.dev\/es\/m\u0259hsul\/mental-clarity-improve-focus-decision-making\/#breadcrumb\",\"itemListElement\":[{\"@type\":\"ListItem\",\"position\":1,\"name\":\"\u0413\u043b\u0430\u0432\u043d\u0430\u044f \u0441\u0442\u0440\u0430\u043d\u0438\u0446\u0430\",\"item\":\"https:\/\/cursosphere.r-one.dev\/es\/\"},{\"@type\":\"ListItem\",\"position\":2,\"name\":\"Comienza a Aprender\",\"item\":\"https:\/\/cursosphere.r-one.dev\/es\/empieza-a-aprender-hoy\/\"},{\"@type\":\"ListItem\",\"position\":3,\"name\":\"Claridad mental: Mejorar el enfoque y la toma de decisiones\"}]},{\"@type\":\"WebSite\",\"@id\":\"https:\/\/cursosphere.r-one.dev\/#website\",\"url\":\"https:\/\/cursosphere.r-one.dev\/\",\"name\":\"Calming practices\",\"description\":\"\",\"publisher\":{\"@id\":\"https:\/\/cursosphere.r-one.dev\/#organization\"},\"potentialAction\":[{\"@type\":\"SearchAction\",\"target\":{\"@type\":\"EntryPoint\",\"urlTemplate\":\"https:\/\/cursosphere.r-one.dev\/?s={search_term_string}\"},\"query-input\":{\"@type\":\"PropertyValueSpecification\",\"valueRequired\":true,\"valueName\":\"search_term_string\"}}],\"inLanguage\":\"es\"},{\"@type\":\"Organization\",\"@id\":\"https:\/\/cursosphere.r-one.dev\/#organization\",\"name\":\"Calming practices\",\"url\":\"https:\/\/cursosphere.r-one.dev\/\",\"logo\":{\"@type\":\"ImageObject\",\"inLanguage\":\"es\",\"@id\":\"https:\/\/cursosphere.r-one.dev\/#\/schema\/logo\/image\/\",\"url\":\"https:\/\/cursosphere.r-one.dev\/wp-content\/uploads\/2025\/03\/Logo-1.svg\",\"contentUrl\":\"https:\/\/cursosphere.r-one.dev\/wp-content\/uploads\/2025\/03\/Logo-1.svg\",\"width\":36,\"height\":36,\"caption\":\"Calming practices\"},\"image\":{\"@id\":\"https:\/\/cursosphere.r-one.dev\/#\/schema\/logo\/image\/\"}}]}<\/script>\n<!-- \/ Yoast SEO plugin. -->","yoast_head_json":{"title":"Claridad mental: Mejorar el enfoque y la toma de decisiones - Curso Sphere","robots":{"index":"noindex","follow":"follow","max-snippet":"max-snippet:-1","max-image-preview":"max-image-preview:large","max-video-preview":"max-video-preview:-1"},"og_locale":"es_ES","og_type":"article","og_title":"Claridad mental: Mejorar el enfoque y la toma de decisiones - Curso Sphere","og_description":"Desarrolla claridad mental para enfocarte, pensar con m\u00e1s calma y tomar mejores decisiones\u2014especialmente cuando la vida se siente ruidosa. Aprender\u00e1s a reducir el desorden mental, gestionar la atenci\u00f3n y crear un sistema simple para priorizar lo importante. Incluye ejercicios de enfoque, marcos de decisi\u00f3n y rutinas para una productividad tranquila y constante.","og_url":"https:\/\/cursosphere.r-one.dev\/es\/m\u0259hsul\/mental-clarity-improve-focus-decision-making\/","og_site_name":"Curso Sphere","article_modified_time":"2026-01-10T21:35:21+00:00","og_image":[{"width":2560,"height":1707,"url":"http:\/\/cursosphere.r-one.dev\/wp-content\/uploads\/2025\/12\/16_Mental-Clarity-Improve-Focus-Decision-Making-scaled.jpg","type":"image\/jpeg"}],"twitter_card":"summary_large_image","twitter_misc":{"Tiempo de lectura":"1 minuto"},"schema":{"@context":"https:\/\/schema.org","@graph":[{"@type":"WebPage","@id":"https:\/\/cursosphere.r-one.dev\/es\/m\u0259hsul\/mental-clarity-improve-focus-decision-making\/","url":"https:\/\/cursosphere.r-one.dev\/es\/m\u0259hsul\/mental-clarity-improve-focus-decision-making\/","name":"Claridad mental: Mejorar el enfoque y la toma de decisiones - Curso Sphere","isPartOf":{"@id":"https:\/\/cursosphere.r-one.dev\/#website"},"primaryImageOfPage":{"@id":"https:\/\/cursosphere.r-one.dev\/es\/m\u0259hsul\/mental-clarity-improve-focus-decision-making\/#primaryimage"},"image":{"@id":"https:\/\/cursosphere.r-one.dev\/es\/m\u0259hsul\/mental-clarity-improve-focus-decision-making\/#primaryimage"},"thumbnailUrl":"https:\/\/cursosphere.r-one.dev\/wp-content\/uploads\/2025\/12\/16_Mental-Clarity-Improve-Focus-Decision-Making-scaled.jpg","datePublished":"2025-12-22T19:42:29+00:00","dateModified":"2026-01-10T21:35:21+00:00","breadcrumb":{"@id":"https:\/\/cursosphere.r-one.dev\/es\/m\u0259hsul\/mental-clarity-improve-focus-decision-making\/#breadcrumb"},"inLanguage":"es","potentialAction":[{"@type":"ReadAction","target":["https:\/\/cursosphere.r-one.dev\/es\/m\u0259hsul\/mental-clarity-improve-focus-decision-making\/"]}]},{"@type":"ImageObject","inLanguage":"es","@id":"https:\/\/cursosphere.r-one.dev\/es\/m\u0259hsul\/mental-clarity-improve-focus-decision-making\/#primaryimage","url":"https:\/\/cursosphere.r-one.dev\/wp-content\/uploads\/2025\/12\/16_Mental-Clarity-Improve-Focus-Decision-Making-scaled.jpg","contentUrl":"https:\/\/cursosphere.r-one.dev\/wp-content\/uploads\/2025\/12\/16_Mental-Clarity-Improve-Focus-Decision-Making-scaled.jpg","width":2560,"height":1707},{"@type":"BreadcrumbList","@id":"https:\/\/cursosphere.r-one.dev\/es\/m\u0259hsul\/mental-clarity-improve-focus-decision-making\/#breadcrumb","itemListElement":[{"@type":"ListItem","position":1,"name":"\u0413\u043b\u0430\u0432\u043d\u0430\u044f \u0441\u0442\u0440\u0430\u043d\u0438\u0446\u0430","item":"https:\/\/cursosphere.r-one.dev\/es\/"},{"@type":"ListItem","position":2,"name":"Comienza a Aprender","item":"https:\/\/cursosphere.r-one.dev\/es\/empieza-a-aprender-hoy\/"},{"@type":"ListItem","position":3,"name":"Claridad mental: Mejorar el enfoque y la toma de decisiones"}]},{"@type":"WebSite","@id":"https:\/\/cursosphere.r-one.dev\/#website","url":"https:\/\/cursosphere.r-one.dev\/","name":"Calming practices","description":"","publisher":{"@id":"https:\/\/cursosphere.r-one.dev\/#organization"},"potentialAction":[{"@type":"SearchAction","target":{"@type":"EntryPoint","urlTemplate":"https:\/\/cursosphere.r-one.dev\/?s={search_term_string}"},"query-input":{"@type":"PropertyValueSpecification","valueRequired":true,"valueName":"search_term_string"}}],"inLanguage":"es"},{"@type":"Organization","@id":"https:\/\/cursosphere.r-one.dev\/#organization","name":"Calming practices","url":"https:\/\/cursosphere.r-one.dev\/","logo":{"@type":"ImageObject","inLanguage":"es","@id":"https:\/\/cursosphere.r-one.dev\/#\/schema\/logo\/image\/","url":"https:\/\/cursosphere.r-one.dev\/wp-content\/uploads\/2025\/03\/Logo-1.svg","contentUrl":"https:\/\/cursosphere.r-one.dev\/wp-content\/uploads\/2025\/03\/Logo-1.svg","width":36,"height":36,"caption":"Calming practices"},"image":{"@id":"https:\/\/cursosphere.r-one.dev\/#\/schema\/logo\/image\/"}}]}},"_links":{"self":[{"href":"https:\/\/cursosphere.r-one.dev\/es\/wp-json\/wp\/v2\/product\/5707","targetHints":{"allow":["GET"]}}],"collection":[{"href":"https:\/\/cursosphere.r-one.dev\/es\/wp-json\/wp\/v2\/product"}],"about":[{"href":"https:\/\/cursosphere.r-one.dev\/es\/wp-json\/wp\/v2\/types\/product"}],"replies":[{"embeddable":true,"href":"https:\/\/cursosphere.r-one.dev\/es\/wp-json\/wp\/v2\/comments?post=5707"}],"wp:featuredmedia":[{"embeddable":true,"href":"https:\/\/cursosphere.r-one.dev\/es\/wp-json\/wp\/v2\/media\/5709"}],"wp:attachment":[{"href":"https:\/\/cursosphere.r-one.dev\/es\/wp-json\/wp\/v2\/media?parent=5707"}],"wp:term":[{"taxonomy":"product_brand","embeddable":true,"href":"https:\/\/cursosphere.r-one.dev\/es\/wp-json\/wp\/v2\/product_brand?post=5707"},{"taxonomy":"product_cat","embeddable":true,"href":"https:\/\/cursosphere.r-one.dev\/es\/wp-json\/wp\/v2\/product_cat?post=5707"},{"taxonomy":"product_tag","embeddable":true,"href":"https:\/\/cursosphere.r-one.dev\/es\/wp-json\/wp\/v2\/product_tag?post=5707"}],"curies":[{"name":"wp","href":"https:\/\/api.w.org\/{rel}","templated":true}]}}