{"id":5715,"date":"2025-12-22T19:45:52","date_gmt":"2025-12-22T19:45:52","guid":{"rendered":"https:\/\/cursosphere.r-one.dev\/m\u0259hsul\/self-compassion-training-develop-acceptance-inner-support\/"},"modified":"2026-01-10T21:36:55","modified_gmt":"2026-01-10T21:36:55","slug":"self-compassion-training-develop-acceptance-inner-support","status":"publish","type":"product","link":"https:\/\/cursosphere.r-one.dev\/es\/m\u0259hsul\/self-compassion-training-develop-acceptance-inner-support\/","title":{"rendered":"Entrenamiento de autocompasi\u00f3n: Desarrolla la aceptaci\u00f3n y el apoyo interno"},"content":{"rendered":"<p>Habilidades clave que desarrollar\u00e1s:<\/p>\n<ul>\n<li><em>Reemplazar la autocr\u00edtica por un di\u00e1logo interno m\u00e1s realista y de apoyo<\/em><\/li>\n<li><em>Practicar aceptaci\u00f3n ante errores sin bajar tus est\u00e1ndares<\/em><\/li>\n<li><em>Usar t\u00e9cnicas basadas en compasi\u00f3n para reducir verg\u00fcenza y ansiedad<\/em><\/li>\n<li><em>Construir seguridad emocional y confianza desde dentro<\/em><\/li>\n<li><em>Recuperarte m\u00e1s r\u00e1pido de los tropiezos con autoacompa\u00f1amiento amable<\/em><\/li>\n<li><em>Crear h\u00e1bitos diarios de autocompasi\u00f3n que fortalezcan tu bienestar<\/em><\/li>\n<\/ul>\n","protected":false},"excerpt":{"rendered":"<p>Entrena la autocompasi\u00f3n para reemplazar la autocr\u00edtica dura por aceptaci\u00f3n, apoyo interno y motivaci\u00f3n estable. Aprender\u00e1s la diferencia entre autocompasi\u00f3n y autoindulgencia, y c\u00f3mo acompa\u00f1arte cuando cometes errores, fracasas o est\u00e1s bajo estr\u00e9s. Con pr\u00e1cticas guiadas y ejercicios de escritura, desarrollar\u00e1s una voz interna m\u00e1s amable que fortalece tu resiliencia y bienestar.<\/p>\n","protected":false},"featured_media":5717,"comment_status":"open","ping_status":"closed","template":"","meta":{"_acf_changed":false},"product_brand":[],"product_cat":[111],"product_tag":[],"class_list":{"0":"post-5715","1":"product","2":"type-product","3":"status-publish","4":"has-post-thumbnail","6":"product_cat-atencion-plena-y-bienestar-mental","8":"first","9":"instock","10":"downloadable","11":"virtual","12":"purchasable","13":"product-type-simple"},"acf":[],"yoast_head":"<!-- This site is optimized with the Yoast SEO plugin v26.6 - https:\/\/yoast.com\/wordpress\/plugins\/seo\/ -->\n<title>Entrenamiento de autocompasi\u00f3n: Desarrolla la aceptaci\u00f3n y el apoyo interno - Curso Sphere<\/title>\n<meta name=\"robots\" content=\"noindex, follow, max-snippet:-1, max-image-preview:large, max-video-preview:-1\" \/>\n<meta property=\"og:locale\" content=\"es_ES\" \/>\n<meta property=\"og:type\" content=\"article\" \/>\n<meta property=\"og:title\" content=\"Entrenamiento de autocompasi\u00f3n: Desarrolla la aceptaci\u00f3n y el apoyo interno - Curso Sphere\" \/>\n<meta property=\"og:description\" content=\"Entrena la autocompasi\u00f3n para reemplazar la autocr\u00edtica dura por aceptaci\u00f3n, apoyo interno y motivaci\u00f3n estable. Aprender\u00e1s la diferencia entre autocompasi\u00f3n y autoindulgencia, y c\u00f3mo acompa\u00f1arte cuando cometes errores, fracasas o est\u00e1s bajo estr\u00e9s. Con pr\u00e1cticas guiadas y ejercicios de escritura, desarrollar\u00e1s una voz interna m\u00e1s amable que fortalece tu resiliencia y bienestar.\" \/>\n<meta property=\"og:url\" content=\"https:\/\/cursosphere.r-one.dev\/es\/m\u0259hsul\/self-compassion-training-develop-acceptance-inner-support\/\" \/>\n<meta property=\"og:site_name\" content=\"Curso Sphere\" \/>\n<meta property=\"article:modified_time\" content=\"2026-01-10T21:36:55+00:00\" \/>\n<meta property=\"og:image\" content=\"http:\/\/cursosphere.r-one.dev\/wp-content\/uploads\/2025\/12\/17_Self-Compassion-Training_-Develop-Acceptance-Inner-Support-scaled.jpg\" \/>\n\t<meta property=\"og:image:width\" content=\"2560\" \/>\n\t<meta property=\"og:image:height\" content=\"1582\" \/>\n\t<meta property=\"og:image:type\" content=\"image\/jpeg\" \/>\n<meta name=\"twitter:card\" content=\"summary_large_image\" \/>\n<meta name=\"twitter:label1\" content=\"Tiempo de lectura\" \/>\n\t<meta name=\"twitter:data1\" content=\"1 minuto\" \/>\n<script type=\"application\/ld+json\" class=\"yoast-schema-graph\">{\"@context\":\"https:\/\/schema.org\",\"@graph\":[{\"@type\":\"WebPage\",\"@id\":\"https:\/\/cursosphere.r-one.dev\/es\/m\u0259hsul\/self-compassion-training-develop-acceptance-inner-support\/\",\"url\":\"https:\/\/cursosphere.r-one.dev\/es\/m\u0259hsul\/self-compassion-training-develop-acceptance-inner-support\/\",\"name\":\"Entrenamiento de autocompasi\u00f3n: Desarrolla la aceptaci\u00f3n y el apoyo interno - Curso Sphere\",\"isPartOf\":{\"@id\":\"https:\/\/cursosphere.r-one.dev\/#website\"},\"primaryImageOfPage\":{\"@id\":\"https:\/\/cursosphere.r-one.dev\/es\/m\u0259hsul\/self-compassion-training-develop-acceptance-inner-support\/#primaryimage\"},\"image\":{\"@id\":\"https:\/\/cursosphere.r-one.dev\/es\/m\u0259hsul\/self-compassion-training-develop-acceptance-inner-support\/#primaryimage\"},\"thumbnailUrl\":\"https:\/\/cursosphere.r-one.dev\/wp-content\/uploads\/2025\/12\/17_Self-Compassion-Training_-Develop-Acceptance-Inner-Support-scaled.jpg\",\"datePublished\":\"2025-12-22T19:45:52+00:00\",\"dateModified\":\"2026-01-10T21:36:55+00:00\",\"breadcrumb\":{\"@id\":\"https:\/\/cursosphere.r-one.dev\/es\/m\u0259hsul\/self-compassion-training-develop-acceptance-inner-support\/#breadcrumb\"},\"inLanguage\":\"es\",\"potentialAction\":[{\"@type\":\"ReadAction\",\"target\":[\"https:\/\/cursosphere.r-one.dev\/es\/m\u0259hsul\/self-compassion-training-develop-acceptance-inner-support\/\"]}]},{\"@type\":\"ImageObject\",\"inLanguage\":\"es\",\"@id\":\"https:\/\/cursosphere.r-one.dev\/es\/m\u0259hsul\/self-compassion-training-develop-acceptance-inner-support\/#primaryimage\",\"url\":\"https:\/\/cursosphere.r-one.dev\/wp-content\/uploads\/2025\/12\/17_Self-Compassion-Training_-Develop-Acceptance-Inner-Support-scaled.jpg\",\"contentUrl\":\"https:\/\/cursosphere.r-one.dev\/wp-content\/uploads\/2025\/12\/17_Self-Compassion-Training_-Develop-Acceptance-Inner-Support-scaled.jpg\",\"width\":2560,\"height\":1582},{\"@type\":\"BreadcrumbList\",\"@id\":\"https:\/\/cursosphere.r-one.dev\/es\/m\u0259hsul\/self-compassion-training-develop-acceptance-inner-support\/#breadcrumb\",\"itemListElement\":[{\"@type\":\"ListItem\",\"position\":1,\"name\":\"\u0413\u043b\u0430\u0432\u043d\u0430\u044f \u0441\u0442\u0440\u0430\u043d\u0438\u0446\u0430\",\"item\":\"https:\/\/cursosphere.r-one.dev\/es\/\"},{\"@type\":\"ListItem\",\"position\":2,\"name\":\"Comienza a Aprender\",\"item\":\"https:\/\/cursosphere.r-one.dev\/es\/empieza-a-aprender-hoy\/\"},{\"@type\":\"ListItem\",\"position\":3,\"name\":\"Entrenamiento de autocompasi\u00f3n: Desarrolla la aceptaci\u00f3n y el apoyo interno\"}]},{\"@type\":\"WebSite\",\"@id\":\"https:\/\/cursosphere.r-one.dev\/#website\",\"url\":\"https:\/\/cursosphere.r-one.dev\/\",\"name\":\"Calming practices\",\"description\":\"\",\"publisher\":{\"@id\":\"https:\/\/cursosphere.r-one.dev\/#organization\"},\"potentialAction\":[{\"@type\":\"SearchAction\",\"target\":{\"@type\":\"EntryPoint\",\"urlTemplate\":\"https:\/\/cursosphere.r-one.dev\/?s={search_term_string}\"},\"query-input\":{\"@type\":\"PropertyValueSpecification\",\"valueRequired\":true,\"valueName\":\"search_term_string\"}}],\"inLanguage\":\"es\"},{\"@type\":\"Organization\",\"@id\":\"https:\/\/cursosphere.r-one.dev\/#organization\",\"name\":\"Calming practices\",\"url\":\"https:\/\/cursosphere.r-one.dev\/\",\"logo\":{\"@type\":\"ImageObject\",\"inLanguage\":\"es\",\"@id\":\"https:\/\/cursosphere.r-one.dev\/#\/schema\/logo\/image\/\",\"url\":\"https:\/\/cursosphere.r-one.dev\/wp-content\/uploads\/2025\/03\/Logo-1.svg\",\"contentUrl\":\"https:\/\/cursosphere.r-one.dev\/wp-content\/uploads\/2025\/03\/Logo-1.svg\",\"width\":36,\"height\":36,\"caption\":\"Calming practices\"},\"image\":{\"@id\":\"https:\/\/cursosphere.r-one.dev\/#\/schema\/logo\/image\/\"}}]}<\/script>\n<!-- \/ Yoast SEO plugin. -->","yoast_head_json":{"title":"Entrenamiento de autocompasi\u00f3n: Desarrolla la aceptaci\u00f3n y el apoyo interno - Curso Sphere","robots":{"index":"noindex","follow":"follow","max-snippet":"max-snippet:-1","max-image-preview":"max-image-preview:large","max-video-preview":"max-video-preview:-1"},"og_locale":"es_ES","og_type":"article","og_title":"Entrenamiento de autocompasi\u00f3n: Desarrolla la aceptaci\u00f3n y el apoyo interno - Curso Sphere","og_description":"Entrena la autocompasi\u00f3n para reemplazar la autocr\u00edtica dura por aceptaci\u00f3n, apoyo interno y motivaci\u00f3n estable. Aprender\u00e1s la diferencia entre autocompasi\u00f3n y autoindulgencia, y c\u00f3mo acompa\u00f1arte cuando cometes errores, fracasas o est\u00e1s bajo estr\u00e9s. Con pr\u00e1cticas guiadas y ejercicios de escritura, desarrollar\u00e1s una voz interna m\u00e1s amable que fortalece tu resiliencia y bienestar.","og_url":"https:\/\/cursosphere.r-one.dev\/es\/m\u0259hsul\/self-compassion-training-develop-acceptance-inner-support\/","og_site_name":"Curso Sphere","article_modified_time":"2026-01-10T21:36:55+00:00","og_image":[{"width":2560,"height":1582,"url":"http:\/\/cursosphere.r-one.dev\/wp-content\/uploads\/2025\/12\/17_Self-Compassion-Training_-Develop-Acceptance-Inner-Support-scaled.jpg","type":"image\/jpeg"}],"twitter_card":"summary_large_image","twitter_misc":{"Tiempo de lectura":"1 minuto"},"schema":{"@context":"https:\/\/schema.org","@graph":[{"@type":"WebPage","@id":"https:\/\/cursosphere.r-one.dev\/es\/m\u0259hsul\/self-compassion-training-develop-acceptance-inner-support\/","url":"https:\/\/cursosphere.r-one.dev\/es\/m\u0259hsul\/self-compassion-training-develop-acceptance-inner-support\/","name":"Entrenamiento de autocompasi\u00f3n: Desarrolla la aceptaci\u00f3n y el apoyo interno - Curso Sphere","isPartOf":{"@id":"https:\/\/cursosphere.r-one.dev\/#website"},"primaryImageOfPage":{"@id":"https:\/\/cursosphere.r-one.dev\/es\/m\u0259hsul\/self-compassion-training-develop-acceptance-inner-support\/#primaryimage"},"image":{"@id":"https:\/\/cursosphere.r-one.dev\/es\/m\u0259hsul\/self-compassion-training-develop-acceptance-inner-support\/#primaryimage"},"thumbnailUrl":"https:\/\/cursosphere.r-one.dev\/wp-content\/uploads\/2025\/12\/17_Self-Compassion-Training_-Develop-Acceptance-Inner-Support-scaled.jpg","datePublished":"2025-12-22T19:45:52+00:00","dateModified":"2026-01-10T21:36:55+00:00","breadcrumb":{"@id":"https:\/\/cursosphere.r-one.dev\/es\/m\u0259hsul\/self-compassion-training-develop-acceptance-inner-support\/#breadcrumb"},"inLanguage":"es","potentialAction":[{"@type":"ReadAction","target":["https:\/\/cursosphere.r-one.dev\/es\/m\u0259hsul\/self-compassion-training-develop-acceptance-inner-support\/"]}]},{"@type":"ImageObject","inLanguage":"es","@id":"https:\/\/cursosphere.r-one.dev\/es\/m\u0259hsul\/self-compassion-training-develop-acceptance-inner-support\/#primaryimage","url":"https:\/\/cursosphere.r-one.dev\/wp-content\/uploads\/2025\/12\/17_Self-Compassion-Training_-Develop-Acceptance-Inner-Support-scaled.jpg","contentUrl":"https:\/\/cursosphere.r-one.dev\/wp-content\/uploads\/2025\/12\/17_Self-Compassion-Training_-Develop-Acceptance-Inner-Support-scaled.jpg","width":2560,"height":1582},{"@type":"BreadcrumbList","@id":"https:\/\/cursosphere.r-one.dev\/es\/m\u0259hsul\/self-compassion-training-develop-acceptance-inner-support\/#breadcrumb","itemListElement":[{"@type":"ListItem","position":1,"name":"\u0413\u043b\u0430\u0432\u043d\u0430\u044f \u0441\u0442\u0440\u0430\u043d\u0438\u0446\u0430","item":"https:\/\/cursosphere.r-one.dev\/es\/"},{"@type":"ListItem","position":2,"name":"Comienza a Aprender","item":"https:\/\/cursosphere.r-one.dev\/es\/empieza-a-aprender-hoy\/"},{"@type":"ListItem","position":3,"name":"Entrenamiento de autocompasi\u00f3n: Desarrolla la aceptaci\u00f3n y el apoyo interno"}]},{"@type":"WebSite","@id":"https:\/\/cursosphere.r-one.dev\/#website","url":"https:\/\/cursosphere.r-one.dev\/","name":"Calming practices","description":"","publisher":{"@id":"https:\/\/cursosphere.r-one.dev\/#organization"},"potentialAction":[{"@type":"SearchAction","target":{"@type":"EntryPoint","urlTemplate":"https:\/\/cursosphere.r-one.dev\/?s={search_term_string}"},"query-input":{"@type":"PropertyValueSpecification","valueRequired":true,"valueName":"search_term_string"}}],"inLanguage":"es"},{"@type":"Organization","@id":"https:\/\/cursosphere.r-one.dev\/#organization","name":"Calming practices","url":"https:\/\/cursosphere.r-one.dev\/","logo":{"@type":"ImageObject","inLanguage":"es","@id":"https:\/\/cursosphere.r-one.dev\/#\/schema\/logo\/image\/","url":"https:\/\/cursosphere.r-one.dev\/wp-content\/uploads\/2025\/03\/Logo-1.svg","contentUrl":"https:\/\/cursosphere.r-one.dev\/wp-content\/uploads\/2025\/03\/Logo-1.svg","width":36,"height":36,"caption":"Calming practices"},"image":{"@id":"https:\/\/cursosphere.r-one.dev\/#\/schema\/logo\/image\/"}}]}},"_links":{"self":[{"href":"https:\/\/cursosphere.r-one.dev\/es\/wp-json\/wp\/v2\/product\/5715","targetHints":{"allow":["GET"]}}],"collection":[{"href":"https:\/\/cursosphere.r-one.dev\/es\/wp-json\/wp\/v2\/product"}],"about":[{"href":"https:\/\/cursosphere.r-one.dev\/es\/wp-json\/wp\/v2\/types\/product"}],"replies":[{"embeddable":true,"href":"https:\/\/cursosphere.r-one.dev\/es\/wp-json\/wp\/v2\/comments?post=5715"}],"wp:featuredmedia":[{"embeddable":true,"href":"https:\/\/cursosphere.r-one.dev\/es\/wp-json\/wp\/v2\/media\/5717"}],"wp:attachment":[{"href":"https:\/\/cursosphere.r-one.dev\/es\/wp-json\/wp\/v2\/media?parent=5715"}],"wp:term":[{"taxonomy":"product_brand","embeddable":true,"href":"https:\/\/cursosphere.r-one.dev\/es\/wp-json\/wp\/v2\/product_brand?post=5715"},{"taxonomy":"product_cat","embeddable":true,"href":"https:\/\/cursosphere.r-one.dev\/es\/wp-json\/wp\/v2\/product_cat?post=5715"},{"taxonomy":"product_tag","embeddable":true,"href":"https:\/\/cursosphere.r-one.dev\/es\/wp-json\/wp\/v2\/product_tag?post=5715"}],"curies":[{"name":"wp","href":"https:\/\/api.w.org\/{rel}","templated":true}]}}