{"id":5848,"date":"2026-01-09T11:58:46","date_gmt":"2026-01-09T11:58:46","guid":{"rendered":"https:\/\/cursosphere.r-one.dev\/m\u0259hsul\/build-your-food-brand-from-idea-to-menu\/"},"modified":"2026-01-09T12:02:05","modified_gmt":"2026-01-09T12:02:05","slug":"build-your-food-brand-from-idea-to-menu","status":"publish","type":"product","link":"https:\/\/cursosphere.r-one.dev\/es\/m\u0259hsul\/build-your-food-brand-from-idea-to-menu\/","title":{"rendered":"Crea tu marca gastron\u00f3mica: de la idea al men\u00fa"},"content":{"rendered":"<p><span data-sheets-root=\"1\">Habilidades clave que desarrollar\u00e1s:\u00a0<\/span><\/p>\n<ul>\n<li><span data-sheets-root=\"1\">Definir un concepto de marca gastron\u00f3mica claro y aut\u00e9ntico<\/span><\/li>\n<li><span data-sheets-root=\"1\">Construir una identidad y visi\u00f3n culinarias s\u00f3lidas<\/span><\/li>\n<li><span data-sheets-root=\"1\">Traducir los valores de la marca en un men\u00fa coherente<\/span><\/li>\n<li><span data-sheets-root=\"1\">Dise\u00f1ar men\u00fas que reflejen prop\u00f3sito y posicionamiento<\/span><\/li>\n<li><span data-sheets-root=\"1\">Alinear la creatividad con la estrategia en el food branding<\/span><\/li>\n<li><span data-sheets-root=\"1\">Convertir una idea gastron\u00f3mica en una marca culinaria reconocible<\/span><\/li>\n<\/ul>\n","protected":false},"excerpt":{"rendered":"<p><span data-sheets-root=\"1\">Una marca gastron\u00f3mica s\u00f3lida comienza mucho antes de servir el primer plato. Este curso te gu\u00eda en la creaci\u00f3n de tu concepto, la definici\u00f3n de tu identidad y el desarrollo de un men\u00fa que refleje tu visi\u00f3n. Claro, estrat\u00e9gico y creativo, es ideal para quienes quieren transformar una idea en una marca culinaria reconocible.<\/span><\/p>\n","protected":false},"featured_media":5849,"comment_status":"open","ping_status":"closed","template":"","meta":{"_acf_changed":false},"product_brand":[],"product_cat":[107],"product_tag":[],"class_list":{"0":"post-5848","1":"product","2":"type-product","3":"status-publish","4":"has-post-thumbnail","6":"product_cat-artes-culinarias-y-gastronomia","8":"first","9":"instock","10":"downloadable","11":"virtual","12":"purchasable","13":"product-type-simple"},"acf":[],"yoast_head":"<!-- This site is optimized with the Yoast SEO plugin v26.6 - https:\/\/yoast.com\/wordpress\/plugins\/seo\/ -->\n<title>Crea tu marca gastron\u00f3mica: de la idea al men\u00fa - Curso Sphere<\/title>\n<meta name=\"robots\" content=\"noindex, follow, max-snippet:-1, max-image-preview:large, max-video-preview:-1\" \/>\n<meta property=\"og:locale\" content=\"es_ES\" \/>\n<meta property=\"og:type\" content=\"article\" \/>\n<meta property=\"og:title\" content=\"Crea tu marca gastron\u00f3mica: de la idea al men\u00fa - Curso Sphere\" \/>\n<meta property=\"og:description\" content=\"Una marca gastron\u00f3mica s\u00f3lida comienza mucho antes de servir el primer plato. Este curso te gu\u00eda en la creaci\u00f3n de tu concepto, la definici\u00f3n de tu identidad y el desarrollo de un men\u00fa que refleje tu visi\u00f3n. Claro, estrat\u00e9gico y creativo, es ideal para quienes quieren transformar una idea en una marca culinaria reconocible.\" \/>\n<meta property=\"og:url\" content=\"https:\/\/cursosphere.r-one.dev\/es\/m\u0259hsul\/build-your-food-brand-from-idea-to-menu\/\" \/>\n<meta property=\"og:site_name\" content=\"Curso Sphere\" \/>\n<meta property=\"article:modified_time\" content=\"2026-01-09T12:02:05+00:00\" \/>\n<meta property=\"og:image\" content=\"http:\/\/cursosphere.r-one.dev\/wp-content\/uploads\/2026\/01\/prepared_flexitarian_800x535-1.webp\" \/>\n\t<meta property=\"og:image:width\" content=\"800\" \/>\n\t<meta property=\"og:image:height\" content=\"535\" \/>\n\t<meta property=\"og:image:type\" content=\"image\/webp\" \/>\n<meta name=\"twitter:card\" content=\"summary_large_image\" \/>\n<meta name=\"twitter:label1\" content=\"Tiempo de lectura\" \/>\n\t<meta name=\"twitter:data1\" content=\"1 minuto\" \/>\n<script type=\"application\/ld+json\" class=\"yoast-schema-graph\">{\"@context\":\"https:\/\/schema.org\",\"@graph\":[{\"@type\":\"WebPage\",\"@id\":\"https:\/\/cursosphere.r-one.dev\/es\/m\u0259hsul\/build-your-food-brand-from-idea-to-menu\/\",\"url\":\"https:\/\/cursosphere.r-one.dev\/es\/m\u0259hsul\/build-your-food-brand-from-idea-to-menu\/\",\"name\":\"Crea tu marca gastron\u00f3mica: de la idea al men\u00fa - Curso Sphere\",\"isPartOf\":{\"@id\":\"https:\/\/cursosphere.r-one.dev\/#website\"},\"primaryImageOfPage\":{\"@id\":\"https:\/\/cursosphere.r-one.dev\/es\/m\u0259hsul\/build-your-food-brand-from-idea-to-menu\/#primaryimage\"},\"image\":{\"@id\":\"https:\/\/cursosphere.r-one.dev\/es\/m\u0259hsul\/build-your-food-brand-from-idea-to-menu\/#primaryimage\"},\"thumbnailUrl\":\"https:\/\/cursosphere.r-one.dev\/wp-content\/uploads\/2026\/01\/prepared_flexitarian_800x535-1.webp\",\"datePublished\":\"2026-01-09T11:58:46+00:00\",\"dateModified\":\"2026-01-09T12:02:05+00:00\",\"breadcrumb\":{\"@id\":\"https:\/\/cursosphere.r-one.dev\/es\/m\u0259hsul\/build-your-food-brand-from-idea-to-menu\/#breadcrumb\"},\"inLanguage\":\"es\",\"potentialAction\":[{\"@type\":\"ReadAction\",\"target\":[\"https:\/\/cursosphere.r-one.dev\/es\/m\u0259hsul\/build-your-food-brand-from-idea-to-menu\/\"]}]},{\"@type\":\"ImageObject\",\"inLanguage\":\"es\",\"@id\":\"https:\/\/cursosphere.r-one.dev\/es\/m\u0259hsul\/build-your-food-brand-from-idea-to-menu\/#primaryimage\",\"url\":\"https:\/\/cursosphere.r-one.dev\/wp-content\/uploads\/2026\/01\/prepared_flexitarian_800x535-1.webp\",\"contentUrl\":\"https:\/\/cursosphere.r-one.dev\/wp-content\/uploads\/2026\/01\/prepared_flexitarian_800x535-1.webp\",\"width\":800,\"height\":535},{\"@type\":\"BreadcrumbList\",\"@id\":\"https:\/\/cursosphere.r-one.dev\/es\/m\u0259hsul\/build-your-food-brand-from-idea-to-menu\/#breadcrumb\",\"itemListElement\":[{\"@type\":\"ListItem\",\"position\":1,\"name\":\"\u0413\u043b\u0430\u0432\u043d\u0430\u044f \u0441\u0442\u0440\u0430\u043d\u0438\u0446\u0430\",\"item\":\"https:\/\/cursosphere.r-one.dev\/es\/\"},{\"@type\":\"ListItem\",\"position\":2,\"name\":\"Comienza a Aprender\",\"item\":\"https:\/\/cursosphere.r-one.dev\/es\/empieza-a-aprender-hoy\/\"},{\"@type\":\"ListItem\",\"position\":3,\"name\":\"Crea tu marca gastron\u00f3mica: de la idea al men\u00fa\"}]},{\"@type\":\"WebSite\",\"@id\":\"https:\/\/cursosphere.r-one.dev\/#website\",\"url\":\"https:\/\/cursosphere.r-one.dev\/\",\"name\":\"Calming practices\",\"description\":\"\",\"publisher\":{\"@id\":\"https:\/\/cursosphere.r-one.dev\/#organization\"},\"potentialAction\":[{\"@type\":\"SearchAction\",\"target\":{\"@type\":\"EntryPoint\",\"urlTemplate\":\"https:\/\/cursosphere.r-one.dev\/?s={search_term_string}\"},\"query-input\":{\"@type\":\"PropertyValueSpecification\",\"valueRequired\":true,\"valueName\":\"search_term_string\"}}],\"inLanguage\":\"es\"},{\"@type\":\"Organization\",\"@id\":\"https:\/\/cursosphere.r-one.dev\/#organization\",\"name\":\"Calming practices\",\"url\":\"https:\/\/cursosphere.r-one.dev\/\",\"logo\":{\"@type\":\"ImageObject\",\"inLanguage\":\"es\",\"@id\":\"https:\/\/cursosphere.r-one.dev\/#\/schema\/logo\/image\/\",\"url\":\"https:\/\/cursosphere.r-one.dev\/wp-content\/uploads\/2025\/03\/Logo-1.svg\",\"contentUrl\":\"https:\/\/cursosphere.r-one.dev\/wp-content\/uploads\/2025\/03\/Logo-1.svg\",\"width\":36,\"height\":36,\"caption\":\"Calming practices\"},\"image\":{\"@id\":\"https:\/\/cursosphere.r-one.dev\/#\/schema\/logo\/image\/\"}}]}<\/script>\n<!-- \/ Yoast SEO plugin. -->","yoast_head_json":{"title":"Crea tu marca gastron\u00f3mica: de la idea al men\u00fa - Curso Sphere","robots":{"index":"noindex","follow":"follow","max-snippet":"max-snippet:-1","max-image-preview":"max-image-preview:large","max-video-preview":"max-video-preview:-1"},"og_locale":"es_ES","og_type":"article","og_title":"Crea tu marca gastron\u00f3mica: de la idea al men\u00fa - Curso Sphere","og_description":"Una marca gastron\u00f3mica s\u00f3lida comienza mucho antes de servir el primer plato. Este curso te gu\u00eda en la creaci\u00f3n de tu concepto, la definici\u00f3n de tu identidad y el desarrollo de un men\u00fa que refleje tu visi\u00f3n. Claro, estrat\u00e9gico y creativo, es ideal para quienes quieren transformar una idea en una marca culinaria reconocible.","og_url":"https:\/\/cursosphere.r-one.dev\/es\/m\u0259hsul\/build-your-food-brand-from-idea-to-menu\/","og_site_name":"Curso Sphere","article_modified_time":"2026-01-09T12:02:05+00:00","og_image":[{"width":800,"height":535,"url":"http:\/\/cursosphere.r-one.dev\/wp-content\/uploads\/2026\/01\/prepared_flexitarian_800x535-1.webp","type":"image\/webp"}],"twitter_card":"summary_large_image","twitter_misc":{"Tiempo de lectura":"1 minuto"},"schema":{"@context":"https:\/\/schema.org","@graph":[{"@type":"WebPage","@id":"https:\/\/cursosphere.r-one.dev\/es\/m\u0259hsul\/build-your-food-brand-from-idea-to-menu\/","url":"https:\/\/cursosphere.r-one.dev\/es\/m\u0259hsul\/build-your-food-brand-from-idea-to-menu\/","name":"Crea tu marca gastron\u00f3mica: de la idea al men\u00fa - Curso Sphere","isPartOf":{"@id":"https:\/\/cursosphere.r-one.dev\/#website"},"primaryImageOfPage":{"@id":"https:\/\/cursosphere.r-one.dev\/es\/m\u0259hsul\/build-your-food-brand-from-idea-to-menu\/#primaryimage"},"image":{"@id":"https:\/\/cursosphere.r-one.dev\/es\/m\u0259hsul\/build-your-food-brand-from-idea-to-menu\/#primaryimage"},"thumbnailUrl":"https:\/\/cursosphere.r-one.dev\/wp-content\/uploads\/2026\/01\/prepared_flexitarian_800x535-1.webp","datePublished":"2026-01-09T11:58:46+00:00","dateModified":"2026-01-09T12:02:05+00:00","breadcrumb":{"@id":"https:\/\/cursosphere.r-one.dev\/es\/m\u0259hsul\/build-your-food-brand-from-idea-to-menu\/#breadcrumb"},"inLanguage":"es","potentialAction":[{"@type":"ReadAction","target":["https:\/\/cursosphere.r-one.dev\/es\/m\u0259hsul\/build-your-food-brand-from-idea-to-menu\/"]}]},{"@type":"ImageObject","inLanguage":"es","@id":"https:\/\/cursosphere.r-one.dev\/es\/m\u0259hsul\/build-your-food-brand-from-idea-to-menu\/#primaryimage","url":"https:\/\/cursosphere.r-one.dev\/wp-content\/uploads\/2026\/01\/prepared_flexitarian_800x535-1.webp","contentUrl":"https:\/\/cursosphere.r-one.dev\/wp-content\/uploads\/2026\/01\/prepared_flexitarian_800x535-1.webp","width":800,"height":535},{"@type":"BreadcrumbList","@id":"https:\/\/cursosphere.r-one.dev\/es\/m\u0259hsul\/build-your-food-brand-from-idea-to-menu\/#breadcrumb","itemListElement":[{"@type":"ListItem","position":1,"name":"\u0413\u043b\u0430\u0432\u043d\u0430\u044f \u0441\u0442\u0440\u0430\u043d\u0438\u0446\u0430","item":"https:\/\/cursosphere.r-one.dev\/es\/"},{"@type":"ListItem","position":2,"name":"Comienza a Aprender","item":"https:\/\/cursosphere.r-one.dev\/es\/empieza-a-aprender-hoy\/"},{"@type":"ListItem","position":3,"name":"Crea tu marca gastron\u00f3mica: de la idea al men\u00fa"}]},{"@type":"WebSite","@id":"https:\/\/cursosphere.r-one.dev\/#website","url":"https:\/\/cursosphere.r-one.dev\/","name":"Calming practices","description":"","publisher":{"@id":"https:\/\/cursosphere.r-one.dev\/#organization"},"potentialAction":[{"@type":"SearchAction","target":{"@type":"EntryPoint","urlTemplate":"https:\/\/cursosphere.r-one.dev\/?s={search_term_string}"},"query-input":{"@type":"PropertyValueSpecification","valueRequired":true,"valueName":"search_term_string"}}],"inLanguage":"es"},{"@type":"Organization","@id":"https:\/\/cursosphere.r-one.dev\/#organization","name":"Calming practices","url":"https:\/\/cursosphere.r-one.dev\/","logo":{"@type":"ImageObject","inLanguage":"es","@id":"https:\/\/cursosphere.r-one.dev\/#\/schema\/logo\/image\/","url":"https:\/\/cursosphere.r-one.dev\/wp-content\/uploads\/2025\/03\/Logo-1.svg","contentUrl":"https:\/\/cursosphere.r-one.dev\/wp-content\/uploads\/2025\/03\/Logo-1.svg","width":36,"height":36,"caption":"Calming practices"},"image":{"@id":"https:\/\/cursosphere.r-one.dev\/#\/schema\/logo\/image\/"}}]}},"_links":{"self":[{"href":"https:\/\/cursosphere.r-one.dev\/es\/wp-json\/wp\/v2\/product\/5848","targetHints":{"allow":["GET"]}}],"collection":[{"href":"https:\/\/cursosphere.r-one.dev\/es\/wp-json\/wp\/v2\/product"}],"about":[{"href":"https:\/\/cursosphere.r-one.dev\/es\/wp-json\/wp\/v2\/types\/product"}],"replies":[{"embeddable":true,"href":"https:\/\/cursosphere.r-one.dev\/es\/wp-json\/wp\/v2\/comments?post=5848"}],"wp:featuredmedia":[{"embeddable":true,"href":"https:\/\/cursosphere.r-one.dev\/es\/wp-json\/wp\/v2\/media\/5849"}],"wp:attachment":[{"href":"https:\/\/cursosphere.r-one.dev\/es\/wp-json\/wp\/v2\/media?parent=5848"}],"wp:term":[{"taxonomy":"product_brand","embeddable":true,"href":"https:\/\/cursosphere.r-one.dev\/es\/wp-json\/wp\/v2\/product_brand?post=5848"},{"taxonomy":"product_cat","embeddable":true,"href":"https:\/\/cursosphere.r-one.dev\/es\/wp-json\/wp\/v2\/product_cat?post=5848"},{"taxonomy":"product_tag","embeddable":true,"href":"https:\/\/cursosphere.r-one.dev\/es\/wp-json\/wp\/v2\/product_tag?post=5848"}],"curies":[{"name":"wp","href":"https:\/\/api.w.org\/{rel}","templated":true}]}}