{"id":5965,"date":"2026-01-10T22:38:13","date_gmt":"2026-01-10T22:38:13","guid":{"rendered":"https:\/\/cursosphere.r-one.dev\/m\u0259hsul\/natural-dyeing-fabric-art-color-textiles-with-plants\/"},"modified":"2026-01-10T22:39:33","modified_gmt":"2026-01-10T22:39:33","slug":"natural-dyeing-fabric-art-color-textiles-with-plants","status":"publish","type":"product","link":"https:\/\/cursosphere.r-one.dev\/es\/m\u0259hsul\/natural-dyeing-fabric-art-color-textiles-with-plants\/","title":{"rendered":"Tintura natural y arte textil: colorea telas con plantas"},"content":{"rendered":"<p>Habilidades clave que desarrollar\u00e1s:<\/p>\n<ul>\n<li><em>Te\u00f1ir textiles utilizando plantas, ra\u00edces y materiales naturales<\/em><\/li>\n<li><em>Aplicar t\u00e9cnicas de te\u00f1ido sostenibles y respetuosas con el medio ambiente<\/em><\/li>\n<li><em>Crear colores, tonos y texturas \u00fanicos en los tejidos<\/em><\/li>\n<li><em>Comprender c\u00f3mo los tintes naturales interact\u00faan con distintos tipos de textiles<\/em><\/li>\n<li><em>Experimentar de forma creativa con procesos org\u00e1nicos de color<\/em><\/li>\n<li><em>Producir piezas textiles \u00fanicas te\u00f1idas de manera natural<\/em><\/li>\n<\/ul>\n","protected":false},"excerpt":{"rendered":"<p>El color puede surgir directamente de la naturaleza. Este curso explora m\u00e9todos de te\u00f1ido natural utilizando plantas, ra\u00edces y materiales org\u00e1nicos. Aprender\u00e1s a te\u00f1ir textiles de forma sostenible y art\u00edstica, creando tejidos \u00fanicos llenos de textura, matices y car\u00e1cter.<\/p>\n","protected":false},"featured_media":5967,"comment_status":"open","ping_status":"closed","template":"","meta":{"_acf_changed":false},"product_brand":[],"product_cat":[122],"product_tag":[],"class_list":{"0":"post-5965","1":"product","2":"type-product","3":"status-publish","4":"has-post-thumbnail","6":"product_cat-vida-sostenible-y-moderna","8":"first","9":"instock","10":"downloadable","11":"virtual","12":"purchasable","13":"product-type-simple"},"acf":[],"yoast_head":"<!-- This site is optimized with the Yoast SEO plugin v26.6 - https:\/\/yoast.com\/wordpress\/plugins\/seo\/ -->\n<title>Tintura natural y arte textil: colorea telas con plantas - Curso Sphere<\/title>\n<meta name=\"robots\" content=\"noindex, follow, max-snippet:-1, max-image-preview:large, max-video-preview:-1\" \/>\n<meta property=\"og:locale\" content=\"es_ES\" \/>\n<meta property=\"og:type\" content=\"article\" \/>\n<meta property=\"og:title\" content=\"Tintura natural y arte textil: colorea telas con plantas - Curso Sphere\" \/>\n<meta property=\"og:description\" content=\"El color puede surgir directamente de la naturaleza. Este curso explora m\u00e9todos de te\u00f1ido natural utilizando plantas, ra\u00edces y materiales org\u00e1nicos. Aprender\u00e1s a te\u00f1ir textiles de forma sostenible y art\u00edstica, creando tejidos \u00fanicos llenos de textura, matices y car\u00e1cter.\" \/>\n<meta property=\"og:url\" content=\"https:\/\/cursosphere.r-one.dev\/es\/m\u0259hsul\/natural-dyeing-fabric-art-color-textiles-with-plants\/\" \/>\n<meta property=\"og:site_name\" content=\"Curso Sphere\" \/>\n<meta property=\"article:modified_time\" content=\"2026-01-10T22:39:33+00:00\" \/>\n<meta property=\"og:image\" content=\"http:\/\/cursosphere.r-one.dev\/wp-content\/uploads\/2026\/01\/Natural-Dyeing-Fabric-Art-Color-Textiles-With-Plants.webp\" \/>\n\t<meta property=\"og:image:width\" content=\"800\" \/>\n\t<meta property=\"og:image:height\" content=\"535\" \/>\n\t<meta property=\"og:image:type\" content=\"image\/webp\" \/>\n<meta name=\"twitter:card\" content=\"summary_large_image\" \/>\n<meta name=\"twitter:label1\" content=\"Tiempo de lectura\" \/>\n\t<meta name=\"twitter:data1\" content=\"1 minuto\" \/>\n<script type=\"application\/ld+json\" class=\"yoast-schema-graph\">{\"@context\":\"https:\/\/schema.org\",\"@graph\":[{\"@type\":\"WebPage\",\"@id\":\"https:\/\/cursosphere.r-one.dev\/es\/m\u0259hsul\/natural-dyeing-fabric-art-color-textiles-with-plants\/\",\"url\":\"https:\/\/cursosphere.r-one.dev\/es\/m\u0259hsul\/natural-dyeing-fabric-art-color-textiles-with-plants\/\",\"name\":\"Tintura natural y arte textil: colorea telas con plantas - Curso Sphere\",\"isPartOf\":{\"@id\":\"https:\/\/cursosphere.r-one.dev\/#website\"},\"primaryImageOfPage\":{\"@id\":\"https:\/\/cursosphere.r-one.dev\/es\/m\u0259hsul\/natural-dyeing-fabric-art-color-textiles-with-plants\/#primaryimage\"},\"image\":{\"@id\":\"https:\/\/cursosphere.r-one.dev\/es\/m\u0259hsul\/natural-dyeing-fabric-art-color-textiles-with-plants\/#primaryimage\"},\"thumbnailUrl\":\"https:\/\/cursosphere.r-one.dev\/wp-content\/uploads\/2026\/01\/Natural-Dyeing-Fabric-Art-Color-Textiles-With-Plants.webp\",\"datePublished\":\"2026-01-10T22:38:13+00:00\",\"dateModified\":\"2026-01-10T22:39:33+00:00\",\"breadcrumb\":{\"@id\":\"https:\/\/cursosphere.r-one.dev\/es\/m\u0259hsul\/natural-dyeing-fabric-art-color-textiles-with-plants\/#breadcrumb\"},\"inLanguage\":\"es\",\"potentialAction\":[{\"@type\":\"ReadAction\",\"target\":[\"https:\/\/cursosphere.r-one.dev\/es\/m\u0259hsul\/natural-dyeing-fabric-art-color-textiles-with-plants\/\"]}]},{\"@type\":\"ImageObject\",\"inLanguage\":\"es\",\"@id\":\"https:\/\/cursosphere.r-one.dev\/es\/m\u0259hsul\/natural-dyeing-fabric-art-color-textiles-with-plants\/#primaryimage\",\"url\":\"https:\/\/cursosphere.r-one.dev\/wp-content\/uploads\/2026\/01\/Natural-Dyeing-Fabric-Art-Color-Textiles-With-Plants.webp\",\"contentUrl\":\"https:\/\/cursosphere.r-one.dev\/wp-content\/uploads\/2026\/01\/Natural-Dyeing-Fabric-Art-Color-Textiles-With-Plants.webp\",\"width\":800,\"height\":535},{\"@type\":\"BreadcrumbList\",\"@id\":\"https:\/\/cursosphere.r-one.dev\/es\/m\u0259hsul\/natural-dyeing-fabric-art-color-textiles-with-plants\/#breadcrumb\",\"itemListElement\":[{\"@type\":\"ListItem\",\"position\":1,\"name\":\"\u0413\u043b\u0430\u0432\u043d\u0430\u044f \u0441\u0442\u0440\u0430\u043d\u0438\u0446\u0430\",\"item\":\"https:\/\/cursosphere.r-one.dev\/es\/\"},{\"@type\":\"ListItem\",\"position\":2,\"name\":\"Comienza a Aprender\",\"item\":\"https:\/\/cursosphere.r-one.dev\/es\/empieza-a-aprender-hoy\/\"},{\"@type\":\"ListItem\",\"position\":3,\"name\":\"Tintura natural y arte textil: colorea telas con plantas\"}]},{\"@type\":\"WebSite\",\"@id\":\"https:\/\/cursosphere.r-one.dev\/#website\",\"url\":\"https:\/\/cursosphere.r-one.dev\/\",\"name\":\"Calming practices\",\"description\":\"\",\"publisher\":{\"@id\":\"https:\/\/cursosphere.r-one.dev\/#organization\"},\"potentialAction\":[{\"@type\":\"SearchAction\",\"target\":{\"@type\":\"EntryPoint\",\"urlTemplate\":\"https:\/\/cursosphere.r-one.dev\/?s={search_term_string}\"},\"query-input\":{\"@type\":\"PropertyValueSpecification\",\"valueRequired\":true,\"valueName\":\"search_term_string\"}}],\"inLanguage\":\"es\"},{\"@type\":\"Organization\",\"@id\":\"https:\/\/cursosphere.r-one.dev\/#organization\",\"name\":\"Calming practices\",\"url\":\"https:\/\/cursosphere.r-one.dev\/\",\"logo\":{\"@type\":\"ImageObject\",\"inLanguage\":\"es\",\"@id\":\"https:\/\/cursosphere.r-one.dev\/#\/schema\/logo\/image\/\",\"url\":\"https:\/\/cursosphere.r-one.dev\/wp-content\/uploads\/2025\/03\/Logo-1.svg\",\"contentUrl\":\"https:\/\/cursosphere.r-one.dev\/wp-content\/uploads\/2025\/03\/Logo-1.svg\",\"width\":36,\"height\":36,\"caption\":\"Calming practices\"},\"image\":{\"@id\":\"https:\/\/cursosphere.r-one.dev\/#\/schema\/logo\/image\/\"}}]}<\/script>\n<!-- \/ Yoast SEO plugin. -->","yoast_head_json":{"title":"Tintura natural y arte textil: colorea telas con plantas - Curso Sphere","robots":{"index":"noindex","follow":"follow","max-snippet":"max-snippet:-1","max-image-preview":"max-image-preview:large","max-video-preview":"max-video-preview:-1"},"og_locale":"es_ES","og_type":"article","og_title":"Tintura natural y arte textil: colorea telas con plantas - Curso Sphere","og_description":"El color puede surgir directamente de la naturaleza. Este curso explora m\u00e9todos de te\u00f1ido natural utilizando plantas, ra\u00edces y materiales org\u00e1nicos. Aprender\u00e1s a te\u00f1ir textiles de forma sostenible y art\u00edstica, creando tejidos \u00fanicos llenos de textura, matices y car\u00e1cter.","og_url":"https:\/\/cursosphere.r-one.dev\/es\/m\u0259hsul\/natural-dyeing-fabric-art-color-textiles-with-plants\/","og_site_name":"Curso Sphere","article_modified_time":"2026-01-10T22:39:33+00:00","og_image":[{"width":800,"height":535,"url":"http:\/\/cursosphere.r-one.dev\/wp-content\/uploads\/2026\/01\/Natural-Dyeing-Fabric-Art-Color-Textiles-With-Plants.webp","type":"image\/webp"}],"twitter_card":"summary_large_image","twitter_misc":{"Tiempo de lectura":"1 minuto"},"schema":{"@context":"https:\/\/schema.org","@graph":[{"@type":"WebPage","@id":"https:\/\/cursosphere.r-one.dev\/es\/m\u0259hsul\/natural-dyeing-fabric-art-color-textiles-with-plants\/","url":"https:\/\/cursosphere.r-one.dev\/es\/m\u0259hsul\/natural-dyeing-fabric-art-color-textiles-with-plants\/","name":"Tintura natural y arte textil: colorea telas con plantas - Curso Sphere","isPartOf":{"@id":"https:\/\/cursosphere.r-one.dev\/#website"},"primaryImageOfPage":{"@id":"https:\/\/cursosphere.r-one.dev\/es\/m\u0259hsul\/natural-dyeing-fabric-art-color-textiles-with-plants\/#primaryimage"},"image":{"@id":"https:\/\/cursosphere.r-one.dev\/es\/m\u0259hsul\/natural-dyeing-fabric-art-color-textiles-with-plants\/#primaryimage"},"thumbnailUrl":"https:\/\/cursosphere.r-one.dev\/wp-content\/uploads\/2026\/01\/Natural-Dyeing-Fabric-Art-Color-Textiles-With-Plants.webp","datePublished":"2026-01-10T22:38:13+00:00","dateModified":"2026-01-10T22:39:33+00:00","breadcrumb":{"@id":"https:\/\/cursosphere.r-one.dev\/es\/m\u0259hsul\/natural-dyeing-fabric-art-color-textiles-with-plants\/#breadcrumb"},"inLanguage":"es","potentialAction":[{"@type":"ReadAction","target":["https:\/\/cursosphere.r-one.dev\/es\/m\u0259hsul\/natural-dyeing-fabric-art-color-textiles-with-plants\/"]}]},{"@type":"ImageObject","inLanguage":"es","@id":"https:\/\/cursosphere.r-one.dev\/es\/m\u0259hsul\/natural-dyeing-fabric-art-color-textiles-with-plants\/#primaryimage","url":"https:\/\/cursosphere.r-one.dev\/wp-content\/uploads\/2026\/01\/Natural-Dyeing-Fabric-Art-Color-Textiles-With-Plants.webp","contentUrl":"https:\/\/cursosphere.r-one.dev\/wp-content\/uploads\/2026\/01\/Natural-Dyeing-Fabric-Art-Color-Textiles-With-Plants.webp","width":800,"height":535},{"@type":"BreadcrumbList","@id":"https:\/\/cursosphere.r-one.dev\/es\/m\u0259hsul\/natural-dyeing-fabric-art-color-textiles-with-plants\/#breadcrumb","itemListElement":[{"@type":"ListItem","position":1,"name":"\u0413\u043b\u0430\u0432\u043d\u0430\u044f \u0441\u0442\u0440\u0430\u043d\u0438\u0446\u0430","item":"https:\/\/cursosphere.r-one.dev\/es\/"},{"@type":"ListItem","position":2,"name":"Comienza a Aprender","item":"https:\/\/cursosphere.r-one.dev\/es\/empieza-a-aprender-hoy\/"},{"@type":"ListItem","position":3,"name":"Tintura natural y arte textil: colorea telas con plantas"}]},{"@type":"WebSite","@id":"https:\/\/cursosphere.r-one.dev\/#website","url":"https:\/\/cursosphere.r-one.dev\/","name":"Calming practices","description":"","publisher":{"@id":"https:\/\/cursosphere.r-one.dev\/#organization"},"potentialAction":[{"@type":"SearchAction","target":{"@type":"EntryPoint","urlTemplate":"https:\/\/cursosphere.r-one.dev\/?s={search_term_string}"},"query-input":{"@type":"PropertyValueSpecification","valueRequired":true,"valueName":"search_term_string"}}],"inLanguage":"es"},{"@type":"Organization","@id":"https:\/\/cursosphere.r-one.dev\/#organization","name":"Calming practices","url":"https:\/\/cursosphere.r-one.dev\/","logo":{"@type":"ImageObject","inLanguage":"es","@id":"https:\/\/cursosphere.r-one.dev\/#\/schema\/logo\/image\/","url":"https:\/\/cursosphere.r-one.dev\/wp-content\/uploads\/2025\/03\/Logo-1.svg","contentUrl":"https:\/\/cursosphere.r-one.dev\/wp-content\/uploads\/2025\/03\/Logo-1.svg","width":36,"height":36,"caption":"Calming practices"},"image":{"@id":"https:\/\/cursosphere.r-one.dev\/#\/schema\/logo\/image\/"}}]}},"_links":{"self":[{"href":"https:\/\/cursosphere.r-one.dev\/es\/wp-json\/wp\/v2\/product\/5965","targetHints":{"allow":["GET"]}}],"collection":[{"href":"https:\/\/cursosphere.r-one.dev\/es\/wp-json\/wp\/v2\/product"}],"about":[{"href":"https:\/\/cursosphere.r-one.dev\/es\/wp-json\/wp\/v2\/types\/product"}],"replies":[{"embeddable":true,"href":"https:\/\/cursosphere.r-one.dev\/es\/wp-json\/wp\/v2\/comments?post=5965"}],"wp:featuredmedia":[{"embeddable":true,"href":"https:\/\/cursosphere.r-one.dev\/es\/wp-json\/wp\/v2\/media\/5967"}],"wp:attachment":[{"href":"https:\/\/cursosphere.r-one.dev\/es\/wp-json\/wp\/v2\/media?parent=5965"}],"wp:term":[{"taxonomy":"product_brand","embeddable":true,"href":"https:\/\/cursosphere.r-one.dev\/es\/wp-json\/wp\/v2\/product_brand?post=5965"},{"taxonomy":"product_cat","embeddable":true,"href":"https:\/\/cursosphere.r-one.dev\/es\/wp-json\/wp\/v2\/product_cat?post=5965"},{"taxonomy":"product_tag","embeddable":true,"href":"https:\/\/cursosphere.r-one.dev\/es\/wp-json\/wp\/v2\/product_tag?post=5965"}],"curies":[{"name":"wp","href":"https:\/\/api.w.org\/{rel}","templated":true}]}}