{"id":6001,"date":"2026-01-10T23:18:41","date_gmt":"2026-01-10T23:18:41","guid":{"rendered":"https:\/\/cursosphere.r-one.dev\/m\u0259hsul\/scents-candles-ambiance-sensory-design-for-modern-homes\/"},"modified":"2026-01-10T23:20:06","modified_gmt":"2026-01-10T23:20:06","slug":"scents-candles-ambiance-sensory-design-for-modern-homes","status":"publish","type":"product","link":"https:\/\/cursosphere.r-one.dev\/es\/m\u0259hsul\/scents-candles-ambiance-sensory-design-for-modern-homes\/","title":{"rendered":"Aromas, velas y ambiente: dise\u00f1o sensorial para hogares modernos"},"content":{"rendered":"<p>Habilidades clave que desarrollar\u00e1s:<\/p>\n<ul>\n<li><em>Utilizar aromas y la luz de las velas para crear ambiente y estado de \u00e1nimo<\/em><\/li>\n<li><em>Dise\u00f1ar experiencias sensoriales que se sientan calmadas y coherentes<\/em><\/li>\n<li><em>Combinar de forma intencional la luz, la fragancia y los detalles<\/em><\/li>\n<li><em>Crear espacios acogedores y emocionalmente envolventes<\/em><\/li>\n<li><em>Comprender c\u00f3mo los elementos sensoriales influyen en la sensaci\u00f3n de confort y bienestar<\/em><\/li>\n<li><em>Personalizar la atm\u00f3sfera del hogar mediante decisiones de dise\u00f1o conscientes<\/em><\/li>\n<\/ul>\n","protected":false},"excerpt":{"rendered":"<p>Un hogar bien dise\u00f1ado involucra todos los sentidos. Este curso te muestra c\u00f3mo utilizar aromas, luz de velas y peque\u00f1os detalles para crear atm\u00f3sfera y emoci\u00f3n. Aprender\u00e1s a dise\u00f1ar espacios que se sientan tranquilos, acogedores y profundamente personales a trav\u00e9s del dise\u00f1o sensorial.<\/p>\n","protected":false},"featured_media":6003,"comment_status":"open","ping_status":"closed","template":"","meta":{"_acf_changed":false},"product_brand":[],"product_cat":[122],"product_tag":[],"class_list":{"0":"post-6001","1":"product","2":"type-product","3":"status-publish","4":"has-post-thumbnail","6":"product_cat-vida-sostenible-y-moderna","8":"first","9":"instock","10":"downloadable","11":"virtual","12":"purchasable","13":"product-type-simple"},"acf":[],"yoast_head":"<!-- This site is optimized with the Yoast SEO plugin v26.6 - https:\/\/yoast.com\/wordpress\/plugins\/seo\/ -->\n<title>Aromas, velas y ambiente: dise\u00f1o sensorial para hogares modernos - Curso Sphere<\/title>\n<meta name=\"robots\" content=\"noindex, follow, max-snippet:-1, max-image-preview:large, max-video-preview:-1\" \/>\n<meta property=\"og:locale\" content=\"es_ES\" \/>\n<meta property=\"og:type\" content=\"article\" \/>\n<meta property=\"og:title\" content=\"Aromas, velas y ambiente: dise\u00f1o sensorial para hogares modernos - Curso Sphere\" \/>\n<meta property=\"og:description\" content=\"Un hogar bien dise\u00f1ado involucra todos los sentidos. Este curso te muestra c\u00f3mo utilizar aromas, luz de velas y peque\u00f1os detalles para crear atm\u00f3sfera y emoci\u00f3n. Aprender\u00e1s a dise\u00f1ar espacios que se sientan tranquilos, acogedores y profundamente personales a trav\u00e9s del dise\u00f1o sensorial.\" \/>\n<meta property=\"og:url\" content=\"https:\/\/cursosphere.r-one.dev\/es\/m\u0259hsul\/scents-candles-ambiance-sensory-design-for-modern-homes\/\" \/>\n<meta property=\"og:site_name\" content=\"Curso Sphere\" \/>\n<meta property=\"article:modified_time\" content=\"2026-01-10T23:20:06+00:00\" \/>\n<meta property=\"og:image\" content=\"http:\/\/cursosphere.r-one.dev\/wp-content\/uploads\/2026\/01\/Scents-Candles-Ambiance-Sensory-Design-for-Modern-Homes.webp\" \/>\n\t<meta property=\"og:image:width\" content=\"800\" \/>\n\t<meta property=\"og:image:height\" content=\"535\" \/>\n\t<meta property=\"og:image:type\" content=\"image\/webp\" \/>\n<meta name=\"twitter:card\" content=\"summary_large_image\" \/>\n<meta name=\"twitter:label1\" content=\"Tiempo de lectura\" \/>\n\t<meta name=\"twitter:data1\" content=\"1 minuto\" \/>\n<script type=\"application\/ld+json\" class=\"yoast-schema-graph\">{\"@context\":\"https:\/\/schema.org\",\"@graph\":[{\"@type\":\"WebPage\",\"@id\":\"https:\/\/cursosphere.r-one.dev\/es\/m\u0259hsul\/scents-candles-ambiance-sensory-design-for-modern-homes\/\",\"url\":\"https:\/\/cursosphere.r-one.dev\/es\/m\u0259hsul\/scents-candles-ambiance-sensory-design-for-modern-homes\/\",\"name\":\"Aromas, velas y ambiente: dise\u00f1o sensorial para hogares modernos - Curso Sphere\",\"isPartOf\":{\"@id\":\"https:\/\/cursosphere.r-one.dev\/#website\"},\"primaryImageOfPage\":{\"@id\":\"https:\/\/cursosphere.r-one.dev\/es\/m\u0259hsul\/scents-candles-ambiance-sensory-design-for-modern-homes\/#primaryimage\"},\"image\":{\"@id\":\"https:\/\/cursosphere.r-one.dev\/es\/m\u0259hsul\/scents-candles-ambiance-sensory-design-for-modern-homes\/#primaryimage\"},\"thumbnailUrl\":\"https:\/\/cursosphere.r-one.dev\/wp-content\/uploads\/2026\/01\/Scents-Candles-Ambiance-Sensory-Design-for-Modern-Homes.webp\",\"datePublished\":\"2026-01-10T23:18:41+00:00\",\"dateModified\":\"2026-01-10T23:20:06+00:00\",\"breadcrumb\":{\"@id\":\"https:\/\/cursosphere.r-one.dev\/es\/m\u0259hsul\/scents-candles-ambiance-sensory-design-for-modern-homes\/#breadcrumb\"},\"inLanguage\":\"es\",\"potentialAction\":[{\"@type\":\"ReadAction\",\"target\":[\"https:\/\/cursosphere.r-one.dev\/es\/m\u0259hsul\/scents-candles-ambiance-sensory-design-for-modern-homes\/\"]}]},{\"@type\":\"ImageObject\",\"inLanguage\":\"es\",\"@id\":\"https:\/\/cursosphere.r-one.dev\/es\/m\u0259hsul\/scents-candles-ambiance-sensory-design-for-modern-homes\/#primaryimage\",\"url\":\"https:\/\/cursosphere.r-one.dev\/wp-content\/uploads\/2026\/01\/Scents-Candles-Ambiance-Sensory-Design-for-Modern-Homes.webp\",\"contentUrl\":\"https:\/\/cursosphere.r-one.dev\/wp-content\/uploads\/2026\/01\/Scents-Candles-Ambiance-Sensory-Design-for-Modern-Homes.webp\",\"width\":800,\"height\":535},{\"@type\":\"BreadcrumbList\",\"@id\":\"https:\/\/cursosphere.r-one.dev\/es\/m\u0259hsul\/scents-candles-ambiance-sensory-design-for-modern-homes\/#breadcrumb\",\"itemListElement\":[{\"@type\":\"ListItem\",\"position\":1,\"name\":\"\u0413\u043b\u0430\u0432\u043d\u0430\u044f \u0441\u0442\u0440\u0430\u043d\u0438\u0446\u0430\",\"item\":\"https:\/\/cursosphere.r-one.dev\/es\/\"},{\"@type\":\"ListItem\",\"position\":2,\"name\":\"Comienza a Aprender\",\"item\":\"https:\/\/cursosphere.r-one.dev\/es\/empieza-a-aprender-hoy\/\"},{\"@type\":\"ListItem\",\"position\":3,\"name\":\"Aromas, velas y ambiente: dise\u00f1o sensorial para hogares modernos\"}]},{\"@type\":\"WebSite\",\"@id\":\"https:\/\/cursosphere.r-one.dev\/#website\",\"url\":\"https:\/\/cursosphere.r-one.dev\/\",\"name\":\"Calming practices\",\"description\":\"\",\"publisher\":{\"@id\":\"https:\/\/cursosphere.r-one.dev\/#organization\"},\"potentialAction\":[{\"@type\":\"SearchAction\",\"target\":{\"@type\":\"EntryPoint\",\"urlTemplate\":\"https:\/\/cursosphere.r-one.dev\/?s={search_term_string}\"},\"query-input\":{\"@type\":\"PropertyValueSpecification\",\"valueRequired\":true,\"valueName\":\"search_term_string\"}}],\"inLanguage\":\"es\"},{\"@type\":\"Organization\",\"@id\":\"https:\/\/cursosphere.r-one.dev\/#organization\",\"name\":\"Calming practices\",\"url\":\"https:\/\/cursosphere.r-one.dev\/\",\"logo\":{\"@type\":\"ImageObject\",\"inLanguage\":\"es\",\"@id\":\"https:\/\/cursosphere.r-one.dev\/#\/schema\/logo\/image\/\",\"url\":\"https:\/\/cursosphere.r-one.dev\/wp-content\/uploads\/2025\/03\/Logo-1.svg\",\"contentUrl\":\"https:\/\/cursosphere.r-one.dev\/wp-content\/uploads\/2025\/03\/Logo-1.svg\",\"width\":36,\"height\":36,\"caption\":\"Calming practices\"},\"image\":{\"@id\":\"https:\/\/cursosphere.r-one.dev\/#\/schema\/logo\/image\/\"}}]}<\/script>\n<!-- \/ Yoast SEO plugin. -->","yoast_head_json":{"title":"Aromas, velas y ambiente: dise\u00f1o sensorial para hogares modernos - Curso Sphere","robots":{"index":"noindex","follow":"follow","max-snippet":"max-snippet:-1","max-image-preview":"max-image-preview:large","max-video-preview":"max-video-preview:-1"},"og_locale":"es_ES","og_type":"article","og_title":"Aromas, velas y ambiente: dise\u00f1o sensorial para hogares modernos - Curso Sphere","og_description":"Un hogar bien dise\u00f1ado involucra todos los sentidos. Este curso te muestra c\u00f3mo utilizar aromas, luz de velas y peque\u00f1os detalles para crear atm\u00f3sfera y emoci\u00f3n. Aprender\u00e1s a dise\u00f1ar espacios que se sientan tranquilos, acogedores y profundamente personales a trav\u00e9s del dise\u00f1o sensorial.","og_url":"https:\/\/cursosphere.r-one.dev\/es\/m\u0259hsul\/scents-candles-ambiance-sensory-design-for-modern-homes\/","og_site_name":"Curso Sphere","article_modified_time":"2026-01-10T23:20:06+00:00","og_image":[{"width":800,"height":535,"url":"http:\/\/cursosphere.r-one.dev\/wp-content\/uploads\/2026\/01\/Scents-Candles-Ambiance-Sensory-Design-for-Modern-Homes.webp","type":"image\/webp"}],"twitter_card":"summary_large_image","twitter_misc":{"Tiempo de lectura":"1 minuto"},"schema":{"@context":"https:\/\/schema.org","@graph":[{"@type":"WebPage","@id":"https:\/\/cursosphere.r-one.dev\/es\/m\u0259hsul\/scents-candles-ambiance-sensory-design-for-modern-homes\/","url":"https:\/\/cursosphere.r-one.dev\/es\/m\u0259hsul\/scents-candles-ambiance-sensory-design-for-modern-homes\/","name":"Aromas, velas y ambiente: dise\u00f1o sensorial para hogares modernos - Curso Sphere","isPartOf":{"@id":"https:\/\/cursosphere.r-one.dev\/#website"},"primaryImageOfPage":{"@id":"https:\/\/cursosphere.r-one.dev\/es\/m\u0259hsul\/scents-candles-ambiance-sensory-design-for-modern-homes\/#primaryimage"},"image":{"@id":"https:\/\/cursosphere.r-one.dev\/es\/m\u0259hsul\/scents-candles-ambiance-sensory-design-for-modern-homes\/#primaryimage"},"thumbnailUrl":"https:\/\/cursosphere.r-one.dev\/wp-content\/uploads\/2026\/01\/Scents-Candles-Ambiance-Sensory-Design-for-Modern-Homes.webp","datePublished":"2026-01-10T23:18:41+00:00","dateModified":"2026-01-10T23:20:06+00:00","breadcrumb":{"@id":"https:\/\/cursosphere.r-one.dev\/es\/m\u0259hsul\/scents-candles-ambiance-sensory-design-for-modern-homes\/#breadcrumb"},"inLanguage":"es","potentialAction":[{"@type":"ReadAction","target":["https:\/\/cursosphere.r-one.dev\/es\/m\u0259hsul\/scents-candles-ambiance-sensory-design-for-modern-homes\/"]}]},{"@type":"ImageObject","inLanguage":"es","@id":"https:\/\/cursosphere.r-one.dev\/es\/m\u0259hsul\/scents-candles-ambiance-sensory-design-for-modern-homes\/#primaryimage","url":"https:\/\/cursosphere.r-one.dev\/wp-content\/uploads\/2026\/01\/Scents-Candles-Ambiance-Sensory-Design-for-Modern-Homes.webp","contentUrl":"https:\/\/cursosphere.r-one.dev\/wp-content\/uploads\/2026\/01\/Scents-Candles-Ambiance-Sensory-Design-for-Modern-Homes.webp","width":800,"height":535},{"@type":"BreadcrumbList","@id":"https:\/\/cursosphere.r-one.dev\/es\/m\u0259hsul\/scents-candles-ambiance-sensory-design-for-modern-homes\/#breadcrumb","itemListElement":[{"@type":"ListItem","position":1,"name":"\u0413\u043b\u0430\u0432\u043d\u0430\u044f \u0441\u0442\u0440\u0430\u043d\u0438\u0446\u0430","item":"https:\/\/cursosphere.r-one.dev\/es\/"},{"@type":"ListItem","position":2,"name":"Comienza a Aprender","item":"https:\/\/cursosphere.r-one.dev\/es\/empieza-a-aprender-hoy\/"},{"@type":"ListItem","position":3,"name":"Aromas, velas y ambiente: dise\u00f1o sensorial para hogares modernos"}]},{"@type":"WebSite","@id":"https:\/\/cursosphere.r-one.dev\/#website","url":"https:\/\/cursosphere.r-one.dev\/","name":"Calming practices","description":"","publisher":{"@id":"https:\/\/cursosphere.r-one.dev\/#organization"},"potentialAction":[{"@type":"SearchAction","target":{"@type":"EntryPoint","urlTemplate":"https:\/\/cursosphere.r-one.dev\/?s={search_term_string}"},"query-input":{"@type":"PropertyValueSpecification","valueRequired":true,"valueName":"search_term_string"}}],"inLanguage":"es"},{"@type":"Organization","@id":"https:\/\/cursosphere.r-one.dev\/#organization","name":"Calming practices","url":"https:\/\/cursosphere.r-one.dev\/","logo":{"@type":"ImageObject","inLanguage":"es","@id":"https:\/\/cursosphere.r-one.dev\/#\/schema\/logo\/image\/","url":"https:\/\/cursosphere.r-one.dev\/wp-content\/uploads\/2025\/03\/Logo-1.svg","contentUrl":"https:\/\/cursosphere.r-one.dev\/wp-content\/uploads\/2025\/03\/Logo-1.svg","width":36,"height":36,"caption":"Calming practices"},"image":{"@id":"https:\/\/cursosphere.r-one.dev\/#\/schema\/logo\/image\/"}}]}},"_links":{"self":[{"href":"https:\/\/cursosphere.r-one.dev\/es\/wp-json\/wp\/v2\/product\/6001","targetHints":{"allow":["GET"]}}],"collection":[{"href":"https:\/\/cursosphere.r-one.dev\/es\/wp-json\/wp\/v2\/product"}],"about":[{"href":"https:\/\/cursosphere.r-one.dev\/es\/wp-json\/wp\/v2\/types\/product"}],"replies":[{"embeddable":true,"href":"https:\/\/cursosphere.r-one.dev\/es\/wp-json\/wp\/v2\/comments?post=6001"}],"wp:featuredmedia":[{"embeddable":true,"href":"https:\/\/cursosphere.r-one.dev\/es\/wp-json\/wp\/v2\/media\/6003"}],"wp:attachment":[{"href":"https:\/\/cursosphere.r-one.dev\/es\/wp-json\/wp\/v2\/media?parent=6001"}],"wp:term":[{"taxonomy":"product_brand","embeddable":true,"href":"https:\/\/cursosphere.r-one.dev\/es\/wp-json\/wp\/v2\/product_brand?post=6001"},{"taxonomy":"product_cat","embeddable":true,"href":"https:\/\/cursosphere.r-one.dev\/es\/wp-json\/wp\/v2\/product_cat?post=6001"},{"taxonomy":"product_tag","embeddable":true,"href":"https:\/\/cursosphere.r-one.dev\/es\/wp-json\/wp\/v2\/product_tag?post=6001"}],"curies":[{"name":"wp","href":"https:\/\/api.w.org\/{rel}","templated":true}]}}