{"id":6015,"date":"2026-01-10T23:26:02","date_gmt":"2026-01-10T23:26:02","guid":{"rendered":"https:\/\/cursosphere.r-one.dev\/m\u0259hsul\/minimalist-lifestyle-declutter-organize-live-with-intention\/"},"modified":"2026-01-10T23:27:29","modified_gmt":"2026-01-10T23:27:29","slug":"minimalist-lifestyle-declutter-organize-live-with-intention","status":"publish","type":"product","link":"https:\/\/cursosphere.r-one.dev\/es\/m\u0259hsul\/minimalist-lifestyle-declutter-organize-live-with-intention\/","title":{"rendered":"Estilo de vida minimalista: deshazte del desorden, organiza y vive con intenci\u00f3n"},"content":{"rendered":"<p>Habilidades clave que desarrollar\u00e1s:<\/p>\n<ul>\n<li><em>Despejar los espacios del hogar con claridad y prop\u00f3sito<\/em><\/li>\n<li><em>Organizar las pertenencias de manera simple y sostenible<\/em><\/li>\n<li><em>Redefinir tu relaci\u00f3n con las posesiones materiales<\/em><\/li>\n<li><em>Crear espacio f\u00edsico y mental para la concentraci\u00f3n y la calma<\/em><\/li>\n<li><em>Tomar decisiones intencionales sobre lo que decides conservar<\/em><\/li>\n<li><em>Vivir con mayor simplicidad y conciencia<\/em><\/li>\n<\/ul>\n","protected":false},"excerpt":{"rendered":"<p>El minimalismo trata de claridad y prop\u00f3sito. Este curso te gu\u00eda en el proceso de ordenar, simplificar y redefinir tu relaci\u00f3n con los objetos. Aprender\u00e1s a crear espacio \u2014tanto f\u00edsico como mental\u2014 para vivir con mayor enfoque e intenci\u00f3n.<\/p>\n","protected":false},"featured_media":6017,"comment_status":"open","ping_status":"closed","template":"","meta":{"_acf_changed":false},"product_brand":[],"product_cat":[122],"product_tag":[],"class_list":{"0":"post-6015","1":"product","2":"type-product","3":"status-publish","4":"has-post-thumbnail","6":"product_cat-vida-sostenible-y-moderna","8":"first","9":"instock","10":"downloadable","11":"virtual","12":"purchasable","13":"product-type-simple"},"acf":[],"yoast_head":"<!-- This site is optimized with the Yoast SEO plugin v26.6 - https:\/\/yoast.com\/wordpress\/plugins\/seo\/ -->\n<title>Estilo de vida minimalista: deshazte del desorden, organiza y vive con intenci\u00f3n - Curso Sphere<\/title>\n<meta name=\"robots\" content=\"noindex, follow, max-snippet:-1, max-image-preview:large, max-video-preview:-1\" \/>\n<meta property=\"og:locale\" content=\"es_ES\" \/>\n<meta property=\"og:type\" content=\"article\" \/>\n<meta property=\"og:title\" content=\"Estilo de vida minimalista: deshazte del desorden, organiza y vive con intenci\u00f3n - Curso Sphere\" \/>\n<meta property=\"og:description\" content=\"El minimalismo trata de claridad y prop\u00f3sito. Este curso te gu\u00eda en el proceso de ordenar, simplificar y redefinir tu relaci\u00f3n con los objetos. Aprender\u00e1s a crear espacio \u2014tanto f\u00edsico como mental\u2014 para vivir con mayor enfoque e intenci\u00f3n.\" \/>\n<meta property=\"og:url\" content=\"https:\/\/cursosphere.r-one.dev\/es\/m\u0259hsul\/minimalist-lifestyle-declutter-organize-live-with-intention\/\" \/>\n<meta property=\"og:site_name\" content=\"Curso Sphere\" \/>\n<meta property=\"article:modified_time\" content=\"2026-01-10T23:27:29+00:00\" \/>\n<meta property=\"og:image\" content=\"http:\/\/cursosphere.r-one.dev\/wp-content\/uploads\/2026\/01\/Minimalist-Lifestyle-Declutter-Organize-Live-with-Intention.webp\" \/>\n\t<meta property=\"og:image:width\" content=\"800\" \/>\n\t<meta property=\"og:image:height\" content=\"535\" \/>\n\t<meta property=\"og:image:type\" content=\"image\/webp\" \/>\n<meta name=\"twitter:card\" content=\"summary_large_image\" \/>\n<meta name=\"twitter:label1\" content=\"Tiempo de lectura\" \/>\n\t<meta name=\"twitter:data1\" content=\"1 minuto\" \/>\n<script type=\"application\/ld+json\" class=\"yoast-schema-graph\">{\"@context\":\"https:\/\/schema.org\",\"@graph\":[{\"@type\":\"WebPage\",\"@id\":\"https:\/\/cursosphere.r-one.dev\/es\/m\u0259hsul\/minimalist-lifestyle-declutter-organize-live-with-intention\/\",\"url\":\"https:\/\/cursosphere.r-one.dev\/es\/m\u0259hsul\/minimalist-lifestyle-declutter-organize-live-with-intention\/\",\"name\":\"Estilo de vida minimalista: deshazte del desorden, organiza y vive con intenci\u00f3n - Curso Sphere\",\"isPartOf\":{\"@id\":\"https:\/\/cursosphere.r-one.dev\/#website\"},\"primaryImageOfPage\":{\"@id\":\"https:\/\/cursosphere.r-one.dev\/es\/m\u0259hsul\/minimalist-lifestyle-declutter-organize-live-with-intention\/#primaryimage\"},\"image\":{\"@id\":\"https:\/\/cursosphere.r-one.dev\/es\/m\u0259hsul\/minimalist-lifestyle-declutter-organize-live-with-intention\/#primaryimage\"},\"thumbnailUrl\":\"https:\/\/cursosphere.r-one.dev\/wp-content\/uploads\/2026\/01\/Minimalist-Lifestyle-Declutter-Organize-Live-with-Intention.webp\",\"datePublished\":\"2026-01-10T23:26:02+00:00\",\"dateModified\":\"2026-01-10T23:27:29+00:00\",\"breadcrumb\":{\"@id\":\"https:\/\/cursosphere.r-one.dev\/es\/m\u0259hsul\/minimalist-lifestyle-declutter-organize-live-with-intention\/#breadcrumb\"},\"inLanguage\":\"es\",\"potentialAction\":[{\"@type\":\"ReadAction\",\"target\":[\"https:\/\/cursosphere.r-one.dev\/es\/m\u0259hsul\/minimalist-lifestyle-declutter-organize-live-with-intention\/\"]}]},{\"@type\":\"ImageObject\",\"inLanguage\":\"es\",\"@id\":\"https:\/\/cursosphere.r-one.dev\/es\/m\u0259hsul\/minimalist-lifestyle-declutter-organize-live-with-intention\/#primaryimage\",\"url\":\"https:\/\/cursosphere.r-one.dev\/wp-content\/uploads\/2026\/01\/Minimalist-Lifestyle-Declutter-Organize-Live-with-Intention.webp\",\"contentUrl\":\"https:\/\/cursosphere.r-one.dev\/wp-content\/uploads\/2026\/01\/Minimalist-Lifestyle-Declutter-Organize-Live-with-Intention.webp\",\"width\":800,\"height\":535},{\"@type\":\"BreadcrumbList\",\"@id\":\"https:\/\/cursosphere.r-one.dev\/es\/m\u0259hsul\/minimalist-lifestyle-declutter-organize-live-with-intention\/#breadcrumb\",\"itemListElement\":[{\"@type\":\"ListItem\",\"position\":1,\"name\":\"\u0413\u043b\u0430\u0432\u043d\u0430\u044f \u0441\u0442\u0440\u0430\u043d\u0438\u0446\u0430\",\"item\":\"https:\/\/cursosphere.r-one.dev\/es\/\"},{\"@type\":\"ListItem\",\"position\":2,\"name\":\"Comienza a Aprender\",\"item\":\"https:\/\/cursosphere.r-one.dev\/es\/empieza-a-aprender-hoy\/\"},{\"@type\":\"ListItem\",\"position\":3,\"name\":\"Estilo de vida minimalista: deshazte del desorden, organiza y vive con intenci\u00f3n\"}]},{\"@type\":\"WebSite\",\"@id\":\"https:\/\/cursosphere.r-one.dev\/#website\",\"url\":\"https:\/\/cursosphere.r-one.dev\/\",\"name\":\"Calming practices\",\"description\":\"\",\"publisher\":{\"@id\":\"https:\/\/cursosphere.r-one.dev\/#organization\"},\"potentialAction\":[{\"@type\":\"SearchAction\",\"target\":{\"@type\":\"EntryPoint\",\"urlTemplate\":\"https:\/\/cursosphere.r-one.dev\/?s={search_term_string}\"},\"query-input\":{\"@type\":\"PropertyValueSpecification\",\"valueRequired\":true,\"valueName\":\"search_term_string\"}}],\"inLanguage\":\"es\"},{\"@type\":\"Organization\",\"@id\":\"https:\/\/cursosphere.r-one.dev\/#organization\",\"name\":\"Calming practices\",\"url\":\"https:\/\/cursosphere.r-one.dev\/\",\"logo\":{\"@type\":\"ImageObject\",\"inLanguage\":\"es\",\"@id\":\"https:\/\/cursosphere.r-one.dev\/#\/schema\/logo\/image\/\",\"url\":\"https:\/\/cursosphere.r-one.dev\/wp-content\/uploads\/2025\/03\/Logo-1.svg\",\"contentUrl\":\"https:\/\/cursosphere.r-one.dev\/wp-content\/uploads\/2025\/03\/Logo-1.svg\",\"width\":36,\"height\":36,\"caption\":\"Calming practices\"},\"image\":{\"@id\":\"https:\/\/cursosphere.r-one.dev\/#\/schema\/logo\/image\/\"}}]}<\/script>\n<!-- \/ Yoast SEO plugin. -->","yoast_head_json":{"title":"Estilo de vida minimalista: deshazte del desorden, organiza y vive con intenci\u00f3n - Curso Sphere","robots":{"index":"noindex","follow":"follow","max-snippet":"max-snippet:-1","max-image-preview":"max-image-preview:large","max-video-preview":"max-video-preview:-1"},"og_locale":"es_ES","og_type":"article","og_title":"Estilo de vida minimalista: deshazte del desorden, organiza y vive con intenci\u00f3n - Curso Sphere","og_description":"El minimalismo trata de claridad y prop\u00f3sito. Este curso te gu\u00eda en el proceso de ordenar, simplificar y redefinir tu relaci\u00f3n con los objetos. Aprender\u00e1s a crear espacio \u2014tanto f\u00edsico como mental\u2014 para vivir con mayor enfoque e intenci\u00f3n.","og_url":"https:\/\/cursosphere.r-one.dev\/es\/m\u0259hsul\/minimalist-lifestyle-declutter-organize-live-with-intention\/","og_site_name":"Curso Sphere","article_modified_time":"2026-01-10T23:27:29+00:00","og_image":[{"width":800,"height":535,"url":"http:\/\/cursosphere.r-one.dev\/wp-content\/uploads\/2026\/01\/Minimalist-Lifestyle-Declutter-Organize-Live-with-Intention.webp","type":"image\/webp"}],"twitter_card":"summary_large_image","twitter_misc":{"Tiempo de lectura":"1 minuto"},"schema":{"@context":"https:\/\/schema.org","@graph":[{"@type":"WebPage","@id":"https:\/\/cursosphere.r-one.dev\/es\/m\u0259hsul\/minimalist-lifestyle-declutter-organize-live-with-intention\/","url":"https:\/\/cursosphere.r-one.dev\/es\/m\u0259hsul\/minimalist-lifestyle-declutter-organize-live-with-intention\/","name":"Estilo de vida minimalista: deshazte del desorden, organiza y vive con intenci\u00f3n - Curso Sphere","isPartOf":{"@id":"https:\/\/cursosphere.r-one.dev\/#website"},"primaryImageOfPage":{"@id":"https:\/\/cursosphere.r-one.dev\/es\/m\u0259hsul\/minimalist-lifestyle-declutter-organize-live-with-intention\/#primaryimage"},"image":{"@id":"https:\/\/cursosphere.r-one.dev\/es\/m\u0259hsul\/minimalist-lifestyle-declutter-organize-live-with-intention\/#primaryimage"},"thumbnailUrl":"https:\/\/cursosphere.r-one.dev\/wp-content\/uploads\/2026\/01\/Minimalist-Lifestyle-Declutter-Organize-Live-with-Intention.webp","datePublished":"2026-01-10T23:26:02+00:00","dateModified":"2026-01-10T23:27:29+00:00","breadcrumb":{"@id":"https:\/\/cursosphere.r-one.dev\/es\/m\u0259hsul\/minimalist-lifestyle-declutter-organize-live-with-intention\/#breadcrumb"},"inLanguage":"es","potentialAction":[{"@type":"ReadAction","target":["https:\/\/cursosphere.r-one.dev\/es\/m\u0259hsul\/minimalist-lifestyle-declutter-organize-live-with-intention\/"]}]},{"@type":"ImageObject","inLanguage":"es","@id":"https:\/\/cursosphere.r-one.dev\/es\/m\u0259hsul\/minimalist-lifestyle-declutter-organize-live-with-intention\/#primaryimage","url":"https:\/\/cursosphere.r-one.dev\/wp-content\/uploads\/2026\/01\/Minimalist-Lifestyle-Declutter-Organize-Live-with-Intention.webp","contentUrl":"https:\/\/cursosphere.r-one.dev\/wp-content\/uploads\/2026\/01\/Minimalist-Lifestyle-Declutter-Organize-Live-with-Intention.webp","width":800,"height":535},{"@type":"BreadcrumbList","@id":"https:\/\/cursosphere.r-one.dev\/es\/m\u0259hsul\/minimalist-lifestyle-declutter-organize-live-with-intention\/#breadcrumb","itemListElement":[{"@type":"ListItem","position":1,"name":"\u0413\u043b\u0430\u0432\u043d\u0430\u044f \u0441\u0442\u0440\u0430\u043d\u0438\u0446\u0430","item":"https:\/\/cursosphere.r-one.dev\/es\/"},{"@type":"ListItem","position":2,"name":"Comienza a Aprender","item":"https:\/\/cursosphere.r-one.dev\/es\/empieza-a-aprender-hoy\/"},{"@type":"ListItem","position":3,"name":"Estilo de vida minimalista: deshazte del desorden, organiza y vive con intenci\u00f3n"}]},{"@type":"WebSite","@id":"https:\/\/cursosphere.r-one.dev\/#website","url":"https:\/\/cursosphere.r-one.dev\/","name":"Calming practices","description":"","publisher":{"@id":"https:\/\/cursosphere.r-one.dev\/#organization"},"potentialAction":[{"@type":"SearchAction","target":{"@type":"EntryPoint","urlTemplate":"https:\/\/cursosphere.r-one.dev\/?s={search_term_string}"},"query-input":{"@type":"PropertyValueSpecification","valueRequired":true,"valueName":"search_term_string"}}],"inLanguage":"es"},{"@type":"Organization","@id":"https:\/\/cursosphere.r-one.dev\/#organization","name":"Calming practices","url":"https:\/\/cursosphere.r-one.dev\/","logo":{"@type":"ImageObject","inLanguage":"es","@id":"https:\/\/cursosphere.r-one.dev\/#\/schema\/logo\/image\/","url":"https:\/\/cursosphere.r-one.dev\/wp-content\/uploads\/2025\/03\/Logo-1.svg","contentUrl":"https:\/\/cursosphere.r-one.dev\/wp-content\/uploads\/2025\/03\/Logo-1.svg","width":36,"height":36,"caption":"Calming practices"},"image":{"@id":"https:\/\/cursosphere.r-one.dev\/#\/schema\/logo\/image\/"}}]}},"_links":{"self":[{"href":"https:\/\/cursosphere.r-one.dev\/es\/wp-json\/wp\/v2\/product\/6015","targetHints":{"allow":["GET"]}}],"collection":[{"href":"https:\/\/cursosphere.r-one.dev\/es\/wp-json\/wp\/v2\/product"}],"about":[{"href":"https:\/\/cursosphere.r-one.dev\/es\/wp-json\/wp\/v2\/types\/product"}],"replies":[{"embeddable":true,"href":"https:\/\/cursosphere.r-one.dev\/es\/wp-json\/wp\/v2\/comments?post=6015"}],"wp:featuredmedia":[{"embeddable":true,"href":"https:\/\/cursosphere.r-one.dev\/es\/wp-json\/wp\/v2\/media\/6017"}],"wp:attachment":[{"href":"https:\/\/cursosphere.r-one.dev\/es\/wp-json\/wp\/v2\/media?parent=6015"}],"wp:term":[{"taxonomy":"product_brand","embeddable":true,"href":"https:\/\/cursosphere.r-one.dev\/es\/wp-json\/wp\/v2\/product_brand?post=6015"},{"taxonomy":"product_cat","embeddable":true,"href":"https:\/\/cursosphere.r-one.dev\/es\/wp-json\/wp\/v2\/product_cat?post=6015"},{"taxonomy":"product_tag","embeddable":true,"href":"https:\/\/cursosphere.r-one.dev\/es\/wp-json\/wp\/v2\/product_tag?post=6015"}],"curies":[{"name":"wp","href":"https:\/\/api.w.org\/{rel}","templated":true}]}}